{"id":962,"date":"2021-11-03T09:58:07","date_gmt":"2021-11-03T09:58:07","guid":{"rendered":"https:\/\/hortgreen.com\/?page_id=962"},"modified":"2026-03-25T07:08:40","modified_gmt":"2026-03-25T07:08:40","slug":"results","status":"publish","type":"page","link":"https:\/\/hortgreen.com\/tr\/results\/","title":{"rendered":"Sonu\u00e7lar"},"content":{"rendered":"<p>[vc_row container=&#8221;1&#8243; css=&#8221;.vc_custom_1635933864424{margin-top: 5px !important;}&#8221;][vc_column width=&#8221;1\/2&#8243;][vc_column_text]<\/p>\n<div class=\"gdlr-core-pbf-element\">\n<div class=\"gdlr-core-icon-list-item gdlr-core-item-pdlr gdlr-core-item-pdb clearfix gdlr-core-left-align gdlr-core-style-1\">\n<ul>\n<li class=\" gdlr-core-skin-divider clearfix\">\n<div class=\"gdlr-core-icon-list-content-wrap\">M1 &#8211; A\u00e7\u0131l\u0131\u015f Toplant\u0131s\u0131 &#8211; B\u00fckre\u015f<\/div>\n<\/li>\n<\/ul>\n<\/div>\n<\/div>\n<div class=\"gdlr-core-pbf-element\">\n<div class=\"gdlr-core-text-box-item gdlr-core-item-pdlr gdlr-core-item-pdb gdlr-core-left-align\">\n<div class=\"gdlr-core-text-box-item-content\">\n<p>29 Ocak Cuma g\u00fcn\u00fc, &#8220;Avrupa Ye\u015fil Mutabakat\u0131n\u0131n taleplerini daha iyi kar\u015f\u0131lamak i\u00e7in bah\u00e7ecilik uzmanlar\u0131n\u0131n pratik becerilerini geli\u015ftirmek&#8221; adl\u0131 ERASMUS+ projesini resmen ba\u015flatt\u0131k.<\/p>\n<p>Proje sunumlar\u0131 proje <a href=\"https:\/\/www.youtube.com\/channel\/UCit9TifmSecwMMwNRjdd0NA\" target=\"_blank\" rel=\"noopener\">YouTube sayfas\u0131nda <\/a>mevcuttur.<\/p>\n<\/div>\n<\/div>\n<\/div>\n<div class=\"gdlr-core-pbf-element\">\n<div class=\"gdlr-core-icon-list-item gdlr-core-item-pdlr gdlr-core-item-pdb clearfix gdlr-core-left-align gdlr-core-style-1\">\n<ul>\n<li class=\" gdlr-core-skin-divider clearfix\"><i class=\"gdlr-core-icon-list-icon fa fa-dot-circle-o\"><\/i>\n<div class=\"gdlr-core-icon-list-content-wrap\">MA6 Projesi web sayfas\u0131 lansman\u0131 ve g\u00fcncellemeleri<\/div>\n<\/li>\n<\/ul>\n<\/div>\n<\/div>\n<div class=\"gdlr-core-pbf-element\">\n<div class=\"gdlr-core-text-box-item gdlr-core-item-pdlr gdlr-core-item-pdb gdlr-core-left-align\">\n<div class=\"gdlr-core-text-box-item-content\">\n<p>Proje web sayfas\u0131 4 Mart 2021&#8217;de a\u00e7\u0131ld\u0131. Buradas\u0131n\u0131z, ve deneyimliyorsunuz!<\/p>\n<\/div>\n<\/div>\n<\/div>\n<div class=\"gdlr-core-pbf-element\">\n<div class=\"gdlr-core-icon-list-item gdlr-core-item-pdlr gdlr-core-item-pdb clearfix gdlr-core-left-align gdlr-core-style-1\">\n<ul>\n<li class=\" gdlr-core-skin-divider clearfix\"><i class=\"gdlr-core-icon-list-icon fa fa-dot-circle-o\"><\/i>\n<div class=\"gdlr-core-icon-list-content-wrap\">MA9 Dahili ileti\u015fim<\/div>\n<\/li>\n<\/ul>\n<\/div>\n<\/div>\n<div class=\"gdlr-core-pbf-element\">\n<div class=\"gdlr-core-icon-list-item gdlr-core-item-pdlr gdlr-core-item-pdb clearfix gdlr-core-left-align gdlr-core-style-1\">\n<ul>\n<li class=\" gdlr-core-skin-divider clearfix\"><i class=\"gdlr-core-icon-list-icon fa fa-dot-circle-o\"><\/i>\n<div class=\"gdlr-core-icon-list-content-wrap\">MA13 Payda\u015f kat\u0131l\u0131m etkinlikleri<\/div>\n<\/li>\n<\/ul>\n<\/div>\n<\/div>\n<p>[\/vc_column_text][\/vc_column][vc_column width=&#8221;1\/2&#8243;][vc_single_image image=&#8221;1162&#8243; img_size=&#8221;full&#8221;][\/vc_column][\/vc_row]<\/p>\n","protected":false},"excerpt":{"rendered":"<p>[vc_row container=&#8221;1&#8243; css=&#8221;.vc_custom_1635933864424{margin-top: 5px !important;}&#8221;][vc_column width=&#8221;1\/2&#8243;][vc_column_text] M1 &#8211; A\u00e7\u0131l\u0131\u015f Toplant\u0131s\u0131 &#8211; B\u00fckre\u015f 29 Ocak Cuma g\u00fcn\u00fc, &#8220;Avrupa Ye\u015fil Mutabakat\u0131n\u0131n taleplerini<\/p>\n","protected":false},"author":1,"featured_media":0,"parent":0,"menu_order":0,"comment_status":"closed","ping_status":"closed","template":"tpl-visual_composer.php","meta":{"footnotes":""},"class_list":["post-962","page","type-page","status-publish","hentry"],"_links":{"self":[{"href":"https:\/\/hortgreen.com\/tr\/wp-json\/wp\/v2\/pages\/962","targetHints":{"allow":["GET"]}}],"collection":[{"href":"https:\/\/hortgreen.com\/tr\/wp-json\/wp\/v2\/pages"}],"about":[{"href":"https:\/\/hortgreen.com\/tr\/wp-json\/wp\/v2\/types\/page"}],"author":[{"embeddable":true,"href":"https:\/\/hortgreen.com\/tr\/wp-json\/wp\/v2\/users\/1"}],"replies":[{"embeddable":true,"href":"https:\/\/hortgreen.com\/tr\/wp-json\/wp\/v2\/comments?post=962"}],"version-history":[{"count":30,"href":"https:\/\/hortgreen.com\/tr\/wp-json\/wp\/v2\/pages\/962\/revisions"}],"predecessor-version":[{"id":13314,"href":"https:\/\/hortgreen.com\/tr\/wp-json\/wp\/v2\/pages\/962\/revisions\/13314"}],"wp:attachment":[{"href":"https:\/\/hortgreen.com\/tr\/wp-json\/wp\/v2\/media?parent=962"}],"curies":[{"name":"wp","href":"https:\/\/api.w.org\/{rel}","templated":true}]}}