{"id":951,"date":"2021-11-03T09:28:54","date_gmt":"2021-11-03T09:28:54","guid":{"rendered":"https:\/\/hortgreen.com\/?page_id=951"},"modified":"2023-12-12T13:12:49","modified_gmt":"2023-12-12T13:12:49","slug":"activities","status":"publish","type":"page","link":"https:\/\/hortgreen.com\/tr\/activities\/","title":{"rendered":"AKT\u0130V\u0130TELER"},"content":{"rendered":"<p>[vc_row][vc_column][\/vc_column][\/vc_row][vc_row container=&#8221;1&#8243; css=&#8221;.vc_custom_1635931810907{margin-top: 25px !important;}&#8221;][vc_column width=&#8221;1\/2&#8243;][vc_column_text]<\/p>\n<div class=\"gdlr-core-pbf-element\">\n<div class=\"gdlr-core-text-box-item gdlr-core-item-pdlr gdlr-core-item-pdb gdlr-core-left-align\">\n<div class=\"gdlr-core-text-box-item-content\">Bu projede y\u00fcr\u00fct\u00fclecek olan be\u015f farkl\u0131 faaliyet t\u00fcr\u00fc:<\/div>\n<\/div>\n<\/div>\n<div class=\"gdlr-core-pbf-element\">\n<div class=\"gdlr-core-icon-list-item gdlr-core-item-pdlr gdlr-core-item-pdb clearfix gdlr-core-left-align gdlr-core-style-1\">\n<ul>\n<li class=\" gdlr-core-skin-divider clearfix\">\n<div class=\"gdlr-core-icon-list-content-wrap\"><i class=\"gdlr-core-icon-list-icon fa fa-dot-circle-o\"><\/i><strong>PROJE Y\u00d6NET\u0130M\u0130 FAAL\u0130YETLER\u0130<\/strong> di\u011fer d\u00f6rt kategoriyi i\u00e7erir: proje y\u00f6netimi; ileti\u015fim, yay\u0131m ve eri\u015filebilirlik; proje izleme, riskler ve acil durum planlamas\u0131 ve proje s\u00fcrd\u00fcr\u00fclebilirli\u011fi.<\/div>\n<\/li>\n<\/ul>\n<\/div>\n<\/div>\n<div class=\"gdlr-core-pbf-element\">\n<div class=\"gdlr-core-text-box-item gdlr-core-item-pdlr gdlr-core-item-pdb gdlr-core-left-align\">\n<div class=\"gdlr-core-text-box-item-content\">\n<ul>\n<li>PROJE Y\u00d6NET\u0130M\u0130\n<ul>\n<li>MA1 Yasal Y\u00f6netim<\/li>\n<li>MA2 Finansal Y\u00f6netim<\/li>\n<li>MA3 A\u011f Kurma ve \u0130\u015fbirli\u011fi<\/li>\n<li>MA4 Ara Raporun Sunulmas\u0131<\/li>\n<li>MA5 Sonu\u00e7 Raporunun Sunulmas\u0131<\/li>\n<\/ul>\n<\/li>\n<\/ul>\n<ul>\n<li>\u0130LET\u0130\u015e\u0130M, YAYIM ve ER\u0130\u015e\u0130LEB\u0130L\u0130RL\u0130K\n<ul>\n<li>MA6 Proje Web Sitesinin yay\u0131nlanmas\u0131 ve g\u00fcncellenmesi<\/li>\n<li>MA7 Sosyal Medyada Eri\u015filir Olma<\/li>\n<li>MA8 Yerel Bas\u0131nda Tan\u0131t\u0131mlar<\/li>\n<li>MA9 Dahili \u0130leti\u015fim<\/li>\n<\/ul>\n<\/li>\n<\/ul>\n<ul>\n<li>PROJE \u0130ZLEME, R\u0130SKLER ve AC\u0130L DURUM PLANLAMASI\n<ul>\n<li>MA10 Proje \u0130zleme<\/li>\n<li>MA11 Risk Analizi<\/li>\n<\/ul>\n<\/li>\n<\/ul>\n<ul>\n<li>PROJE S\u00dcRD\u00dcR\u00dcLEB\u0130L\u0130RL\u0130\u011e\u0130\n<ul>\n<li>MA12 Fikri \u00e7\u0131kt\u0131lar ve etki de\u011ferlendirmesi<\/li>\n<li>MA13 Payda\u015flar\u0131n kat\u0131l\u0131m g\u00f6sterece\u011fi etkinlikler<\/li>\n<\/ul>\n<\/li>\n<\/ul>\n<\/div>\n<\/div>\n<\/div>\n<div class=\"gdlr-core-pbf-element\">\n<div class=\"gdlr-core-icon-list-item gdlr-core-item-pdlr gdlr-core-item-pdb clearfix gdlr-core-left-align gdlr-core-style-1\">\n<ul>\n<li class=\" gdlr-core-skin-divider clearfix\">\n<div class=\"gdlr-core-icon-list-content-wrap\"><i class=\"gdlr-core-icon-list-icon fa fa-dot-circle-o\"><\/i><strong>ULUSLARARASI PROJE TOPLANTILARI<\/strong>. 30 ayl\u0131k uygulama s\u00fcresince, her bir ortaktan y\u00f6netim ve uygulamadan sorumlu iki ki\u015fi ile be\u015f UPT olacakt\u0131r.<\/div>\n<\/li>\n<\/ul>\n<\/div>\n<\/div>\n<div class=\"gdlr-core-pbf-element\">\n<div class=\"gdlr-core-text-box-item gdlr-core-item-pdlr gdlr-core-item-pdb gdlr-core-left-align\">\n<div class=\"gdlr-core-text-box-item-content\">\n<ul>\n<li>M1 A\u00e7\u0131l\u0131\u015f Toplant\u0131s\u0131 &#8211; B\u00fckre\u015f<\/li>\n<li>M2 Uluslararas\u0131 Proje Toplant\u0131s\u0131 &#8211; Ankara<\/li>\n<li>M3 Uluslararas\u0131 Proje Toplant\u0131s\u0131 &#8211; Budape\u015fte<\/li>\n<li>M4 Uluslararas\u0131 Proje Toplant\u0131s\u0131 &#8211; Sofya<\/li>\n<li>M5 Proje Kapan\u0131\u015f Toplant\u0131s\u0131 &#8211; B\u00fckre\u015f<\/li>\n<\/ul>\n<\/div>\n<\/div>\n<\/div>\n<div class=\"gdlr-core-pbf-element\">\n<div class=\"gdlr-core-icon-list-item gdlr-core-item-pdlr gdlr-core-item-pdb clearfix gdlr-core-left-align gdlr-core-style-1\">\n<ul>\n<li class=\" gdlr-core-skin-divider clearfix\">\n<div class=\"gdlr-core-icon-list-content-wrap\"><i class=\"gdlr-core-icon-list-icon fa fa-dot-circle-o\"><\/i>Proje uygulamas\u0131 s\u0131ras\u0131nda hedef grubu y\u00fcksek lisans \u00f6\u011frencileri, \u00f6\u011freticiler ve \u00f6\u011fretim d\u0131\u015f\u0131 personel olan yedi\u00a0<strong>F\u0130KR\u0130 \u00c7IKTI<\/strong>\u00a0geli\u015ftirilecektir.<\/div>\n<\/li>\n<\/ul>\n<\/div>\n<\/div>\n<div class=\"gdlr-core-pbf-element\">\n<div class=\"gdlr-core-text-box-item gdlr-core-item-pdlr gdlr-core-item-pdb gdlr-core-left-align\">\n<div class=\"gdlr-core-text-box-item-content\">\n<ul>\n<li>O1 &#8220;Bah\u00e7ecilik \u00dcr\u00fcnlerinin Beslenme Kalitesi&#8221; &#8211; El Kitab\u0131 &#8211; (Romanya liderli\u011finde)<\/li>\n<li>O2 &#8211; &#8220;Kimyasal Pestisitsiz Bah\u00e7ecilik&#8221; &#8211; El Kitab\u0131 &#8211; (Bulgaristan liderli\u011finde)<\/li>\n<li>O3 &#8211; &#8220;S\u00fcrd\u00fcr\u00fclebilir Pestisit Kullan\u0131m\u0131 ve Kal\u0131nt\u0131lar\u0131n\u0131n \u0130zlenmesi&#8221; &#8211; El Kitab\u0131 &#8211; (Romanya liderli\u011finde)<\/li>\n<li>O4 &#8211; &#8220;\u015eehir Bah\u00e7ecili\u011fi&#8221; &#8211; El Kitab\u0131 &#8211; (Bulgaristan liderli\u011finde)<\/li>\n<li>O5 &#8211; &#8220;S\u00fcrd\u00fcr\u00fclebilir Pestisit Kullan\u0131m\u0131 : Kimyasals\u0131z Bah\u00e7ecili\u011fi Kolayla\u015ft\u0131rmak&#8221; &#8211; K\u0131sa Film &#8211; (T\u00fcrkiye liderli\u011finde)<\/li>\n<li>O6 &#8211; &#8220;\u015eehir Bah\u00e7ecili\u011fi : Daha \u0130yi Bir Ya\u015fam Alan\u0131 \u0130\u00e7in Bir Ara\u00e7&#8221; &#8211; K\u0131sa film &#8211; (Bulgaristan liderli\u011finde)<\/li>\n<li>O7 &#8211; &#8220;Hort4EUGreen \u00c7evrimi\u00e7i Platformu&#8221; &#8211; (Romanya liderli\u011finde)<\/li>\n<\/ul>\n<\/div>\n<\/div>\n<\/div>\n<div class=\"gdlr-core-pbf-element\">\n<div class=\"gdlr-core-icon-list-item gdlr-core-item-pdlr gdlr-core-item-pdb clearfix gdlr-core-left-align gdlr-core-style-1\">\n<ul>\n<li class=\" gdlr-core-skin-divider clearfix\">\n<div class=\"gdlr-core-icon-list-content-wrap\"><i class=\"gdlr-core-icon-list-icon fa fa-dot-circle-o\"><\/i>Partner kurulu\u015flar\u0131n personelleri i\u00e7in be\u015f <strong>\u00d6\u011eRENME, \u00d6\u011eRETME VE E\u011e\u0130T\u0130M FAAL\u0130YET\u0130<\/strong> ger\u00e7ekle\u015ftirilecek ve bunlardan ikisi kurumlar\u0131m\u0131z d\u0131\u015f\u0131ndaki hedef gruplara sunulacakt\u0131r. Her bir partner \u00fclkede be\u015fer g\u00fcnl\u00fck d\u00f6rt adet k\u0131sa s\u00fcreli ortak e\u011fitime ek olarak bir adet, bir ayl\u0131k yo\u011funla\u015ft\u0131r\u0131lm\u0131\u015f k\u0131sa s\u00fcreli e\u011fitim d\u00fczenlenecektir. Projenin ikinci ve \u00fc\u00e7\u00fcnc\u00fc y\u0131l\u0131nda ise B\u00fckre\u015f ve Sofya&#8217;da bah\u00e7e bitkileri y\u00fcksek lisans ve doktora \u00f6\u011frencileri i\u00e7in iki yaz okulu d\u00fczenlenecektir.<\/div>\n<\/li>\n<\/ul>\n<\/div>\n<\/div>\n<div class=\"gdlr-core-pbf-element\">\n<div class=\"gdlr-core-text-box-item gdlr-core-item-pdlr gdlr-core-item-pdb gdlr-core-left-align\">\n<div class=\"gdlr-core-text-box-item-content\">\n<ul>\n<li>C1 Pestisitlerin s\u00fcrd\u00fcr\u00fclebilir kullan\u0131m\u0131n\u0131n zorluklar\u0131 \u2013 Ankara<\/li>\n<li>C2 Pestisit kal\u0131nt\u0131 analizi \u00fczerine yo\u011fun e\u011fitim \u2013 Budape\u015fte<\/li>\n<li>C3 Pestisit kal\u0131nt\u0131lar\u0131 analizinin bug\u00fcn\u00fc ve gelece\u011fi &#8211; Budape\u015fte<\/li>\n<li>C4 Kent bah\u00e7ecili\u011finin mevcut durumu ve perspektifleri \u2013 Sofya<\/li>\n<li>C5 G\u0131dalar\u0131n besin kalitesi ile pestisitler aras\u0131ndaki ili\u015fki \u2013 B\u00fckre\u015f<\/li>\n<li>C6 Yaz okulu &#8211; G\u00fcneydo\u011fu Avrupa \u00fclkelerinin &#8216;pestisitsiz bir \u00e7evre&#8217; becerilerini uyumla\u015ft\u0131rmas\u0131, Romanya<\/li>\n<li>C7 Yaz okulu &#8211; Kentsel Bah\u00e7ecilik, Sofya<\/li>\n<\/ul>\n<\/div>\n<\/div>\n<\/div>\n<div class=\"gdlr-core-pbf-element\">\n<div class=\"gdlr-core-icon-list-item gdlr-core-item-pdlr gdlr-core-item-pdb clearfix gdlr-core-left-align gdlr-core-style-1\">\n<ul>\n<li class=\" gdlr-core-skin-divider clearfix\">\n<div class=\"gdlr-core-icon-list-content-wrap\"><i class=\"gdlr-core-icon-list-icon fa fa-dot-circle-o\"><\/i>Romanya ve Bulgaristan&#8217;da, yaln\u0131zca bah\u00e7ecilik \u00fczerine y\u00fcksek lisans e\u011fitimi alan \u00f6\u011frencilerin ve profes\u00f6rlerin de\u011fil, ayn\u0131 zamanda i\u015fletme sahipleri, \u00e7ift\u00e7iler, idari kurumlar vb. hedef kitle oldu\u011fu iki <strong>\u00c7O\u011eALTICI ETK\u0130NL\u0130K<\/strong> ger\u00e7ekle\u015ftirilecektir.<\/div>\n<\/li>\n<\/ul>\n<\/div>\n<\/div>\n<div class=\"gdlr-core-pbf-element\">\n<div class=\"gdlr-core-text-box-item gdlr-core-item-pdlr gdlr-core-item-pdb gdlr-core-left-align\">\n<div class=\"gdlr-core-text-box-item-content\">\n<ul>\n<li>E1 `Avrupa Ye\u015fil Mutabakat\u0131n\u0131n \u015fehir bah\u00e7ecili\u011finin geli\u015fimine katk\u0131s\u0131`, Bulgaristan<\/li>\n<li>E2 `Bah\u00e7e K\u00fclt\u00fcr\u00fc \u00f6\u011frenme, \u00f6\u011fretme ve e\u011fitim faaliyetlerinde Avrupa Ye\u015fil Mutabakat\u0131 etkileri`, Romanya<\/li>\n<\/ul>\n<\/div>\n<\/div>\n<\/div>\n<p>[\/vc_column_text][\/vc_column][vc_column width=&#8221;1\/2&#8243;][vc_single_image image=&#8221;1183&#8243; img_size=&#8221;large&#8221; alignment=&#8221;center&#8221;][\/vc_column][\/vc_row]<\/p>\n","protected":false},"excerpt":{"rendered":"<p>[vc_row][vc_column][\/vc_column][\/vc_row][vc_row container=&#8221;1&#8243; css=&#8221;.vc_custom_1635931810907{margin-top: 25px !important;}&#8221;][vc_column width=&#8221;1\/2&#8243;][vc_column_text] Bu projede y\u00fcr\u00fct\u00fclecek olan be\u015f farkl\u0131 faaliyet t\u00fcr\u00fc: PROJE Y\u00d6NET\u0130M\u0130 FAAL\u0130YETLER\u0130 di\u011fer d\u00f6rt kategoriyi<\/p>\n","protected":false},"author":1,"featured_media":0,"parent":0,"menu_order":0,"comment_status":"closed","ping_status":"closed","template":"tpl-visual_composer.php","meta":{"footnotes":""},"class_list":["post-951","page","type-page","status-publish","hentry"],"_links":{"self":[{"href":"https:\/\/hortgreen.com\/tr\/wp-json\/wp\/v2\/pages\/951","targetHints":{"allow":["GET"]}}],"collection":[{"href":"https:\/\/hortgreen.com\/tr\/wp-json\/wp\/v2\/pages"}],"about":[{"href":"https:\/\/hortgreen.com\/tr\/wp-json\/wp\/v2\/types\/page"}],"author":[{"embeddable":true,"href":"https:\/\/hortgreen.com\/tr\/wp-json\/wp\/v2\/users\/1"}],"replies":[{"embeddable":true,"href":"https:\/\/hortgreen.com\/tr\/wp-json\/wp\/v2\/comments?post=951"}],"version-history":[{"count":17,"href":"https:\/\/hortgreen.com\/tr\/wp-json\/wp\/v2\/pages\/951\/revisions"}],"predecessor-version":[{"id":1461,"href":"https:\/\/hortgreen.com\/tr\/wp-json\/wp\/v2\/pages\/951\/revisions\/1461"}],"wp:attachment":[{"href":"https:\/\/hortgreen.com\/tr\/wp-json\/wp\/v2\/media?parent=951"}],"curies":[{"name":"wp","href":"https:\/\/api.w.org\/{rel}","templated":true}]}}