{"id":9,"date":"2017-01-13T19:49:29","date_gmt":"2017-01-13T19:49:29","guid":{"rendered":"https:\/\/themazine.com\/wp\/edutech\/?page_id=9"},"modified":"2023-12-12T13:32:39","modified_gmt":"2023-12-12T13:32:39","slug":"about-us","status":"publish","type":"page","link":"https:\/\/hortgreen.com\/tr\/about-us\/","title":{"rendered":"Hakk\u0131m\u0131zda"},"content":{"rendered":"<p>[vc_row][vc_column][\/vc_column][\/vc_row][vc_row container=&#8221;1&#8243; css=&#8221;.vc_custom_1635928843362{margin-top: 25px !important;}&#8221;][vc_column width=&#8221;1\/2&#8243;][vc_column_text]<strong>Biz Kimiz?<\/strong><\/p>\n<p>\u00dc\u00e7 \u00fcniversiteden olu\u015fan bir grup (<a href=\"https:\/\/www.usamv.ro\" target=\"_blank\" rel=\"noopener\">B\u00fckre\u015f Zirai Bilimler ve Veterinerlik \u00dcniversitesi<\/a>, <a href=\"https:\/\/ltu.bg\/en\/\" target=\"_blank\" rel=\"noopener\">Sofya Orman \u00dcniversitesi<\/a><a href=\"https:\/\/ltu.bg\/en\/\" target=\"_blank\" rel=\"noopener\"> Forestry<\/a> ve <a href=\"https:\/\/uni-mate.hu\/\" target=\"_blank\" rel=\"noopener\">Macaristan Tar\u0131m ve Ya\u015fam Bilimleri \u00dcniversitesi<\/a>) ve bir Enstit\u00fc (<a href=\"https:\/\/arastirma.tarimorman.gov.tr\/zmmae\" target=\"_blank\" rel=\"noopener\">Zirai M\u00fccadele Merkez Ara\u015ft\u0131rma Enstit\u00fcs\u00fc M\u00fcd\u00fcrl\u00fc\u011f\u00fc<\/a>, Ankara)bah\u00e7ecilik alan\u0131nda y\u00fcksek lisans \u00f6\u011frencileri i\u00e7in \u201cdaha ye\u015fil\u201d bir e\u011fitim ve \u00f6\u011fretim konusunda katk\u0131 sa\u011flamak i\u00e7in g\u00fc\u00e7lerini birle\u015ftirdiler. <a href=\"https:\/\/dev.hortgreen.com\/partners\/\" target=\"_blank\" rel=\"noopener\">Daha fazlas\u0131<\/a> i\u00e7in t\u0131klay\u0131n\u0131z.<\/p>\n<p>&nbsp;<\/p>\n<p><strong><img loading=\"lazy\" decoding=\"async\" class=\"alignnone size-full wp-image-1162\" src=\"https:\/\/hortgreen.com\/wp-content\/uploads\/2022\/02\/1.-About-us_who-we-are-1-1.jpg\" alt=\"\" width=\"1280\" height=\"720\" srcset=\"https:\/\/hortgreen.com\/wp-content\/uploads\/2022\/02\/1.-About-us_who-we-are-1-1.jpg 1280w, https:\/\/hortgreen.com\/wp-content\/uploads\/2022\/02\/1.-About-us_who-we-are-1-1-300x169.jpg 300w, https:\/\/hortgreen.com\/wp-content\/uploads\/2022\/02\/1.-About-us_who-we-are-1-1-1024x576.jpg 1024w, https:\/\/hortgreen.com\/wp-content\/uploads\/2022\/02\/1.-About-us_who-we-are-1-1-768x432.jpg 768w\" sizes=\"auto, (max-width: 1280px) 100vw, 1280px\" \/><\/strong><\/p>\n<p>&nbsp;<\/p>\n<p><strong>Neden bu proje?<\/strong><\/p>\n<p>T\u00fcm Avrupa&#8217;da, giderek daha fazla kurum, i\u015fg\u00fcc\u00fc piyasas\u0131yla \u201cartan uyumsuzluk\u201d nedeniyle s\u0131k\u0131nt\u0131 \u00e7ekiyor.<br \/>\n\u0130\u015fg\u00fcc\u00fc piyasalar\u0131, teknolojik ilerleme, ye\u015fil d\u00f6n\u00fc\u015f\u00fcm ve ya\u015flanan i\u015fg\u00fcc\u00fc nedeniyle h\u0131zla de\u011fi\u015fmektedir.<br \/>\nY\u00fcksek\u00f6\u011fretim kurumlar\u0131 bu a\u00e7\u0131\u011f\u0131 kapatmak, gen\u00e7 nesilleri haz\u0131rlamak, istihdam edilebilirliklerini ve ki\u015fisel geli\u015fimlerini desteklemekle y\u00fck\u00fcml\u00fcd\u00fcr. Avrupa, AB vatanda\u015flar\u0131 i\u00e7in daha g\u00fcvenli bir gelecek in\u015fa etmek amac\u0131yla politikalar\u0131n\u0131, stratejilerini ve eylemlerini uyarlamak i\u00e7in s\u00fcrekli olarak \u00e7aba sarf etmektedir. Bu eylemlerden bir tanesi de d\u00f6ng\u00fcsel ekonomi, bina yenileme, biyo\u00e7e\u015fitlilik, \u00e7ift\u00e7ilik ve yenilik\u00e7ilik \u00fczerine yeni mevzuat getirerek 2050&#8217;de Avrupa&#8217;y\u0131 iklim n\u00f6tr hale getirmeyi ama\u00e7layan bir dizi AB politika giri\u015fimi olan Avrupa Ye\u015fil Mutabakat\u0131d\u0131r.<\/p>\n<p>&nbsp;<\/p>\n<p>Ne \u0130stiyoruz?<\/p>\n<p>Hort4EUGreen&#8217;in geni\u015f \u00f6l\u00e7ekte kapsam\u0131, i\u015f piyasas\u0131n\u0131n ger\u00e7ek ihtiya\u00e7lar\u0131na cevap verebilmek i\u00e7in lisans\u00fcst\u00fc \u00f6\u011frencilerine bah\u00e7ecilikte yeni ortaya \u00e7\u0131kan konularda en son teknoloji e\u011fitim ve \u00f6\u011fretim sa\u011flamak i\u00e7in ortak kurumlar\u0131n kapasitelerini g\u00fc\u00e7lendirmek olarak d\u00fc\u015f\u00fcn\u00fclebilir.<br \/>\n\u00d6\u011frencilerimizin ve personelimizin gelecekte (\u00f6\u011frenciler i\u00e7in) daha iyi bir i\u015f veya i\u015f bulma \u015fanslar\u0131n\u0131 art\u0131racak ve \u00f6\u011frencilerinin takdir edilmesi ile \u00f6\u011fretmenlerin memnuniyet d\u00fczeyini art\u0131racak yeni bilgi, beceri ve tutumlar edinmelerine g\u00fcveniyoruz.<br \/>\nBu ama\u00e7la; iki \u00e7evrimi\u00e7i e\u011fitim materyali, iki A\u00e7\u0131k Eri\u015fim Kayna\u011f\u0131, g\u00f6rsel ve i\u015fitsel formatta iki e\u011fitim materyali ve bir adet \u00f6renme ve e\u011fitim platformu geli\u015ftirece\u011fiz.<\/p>\n<p>&nbsp;<\/p>\n<p><strong>Nereye etki edece\u011fiz?<\/strong><\/p>\n<p>4 \u00fclkeden (Romanya, Bulgaristan, Macaristan ve T\u00fcrkiye) ortaklar, d\u00fcnya \u00e7ap\u0131nda kullan\u0131ma sunulacak sonu\u00e7lar \u00fczerinde birlikte \u00e7al\u0131\u015facaklar. Lider USAMV Bucharest, Hort4EUGreen&#8217;in isteklerine cevap verebilecek son teknoloji yeni bir Ara\u015ft\u0131rma Merkezine sahiptir ve bir\u00e7ok y\u00fcksek lisans ve doktora \u00f6\u011frencisi becerilerini \u00f6\u011frenmek ve geli\u015ftirmek i\u00e7in bu merkezde olmak i\u00e7in can at\u0131yorlar. Bah\u00e7ecilikte lisans\u00fcst\u00fc d\u00fczeyinde ortaya \u00e7\u0131kan d\u00f6rt yeni konuda teorik ve pratik uzmanl\u0131k kolayla\u015ft\u0131r\u0131lacakt\u0131r.<\/p>\n<p>&nbsp;<\/p>\n<p><strong>Ne Zaman?<\/strong><\/p>\n<p>\u0130lk proje sonu\u00e7lar\u0131 2021 y\u0131l\u0131n\u0131n sonunda \u00e7evrimi\u00e7i olarak kullan\u0131ma sunulacakt\u0131r. Her y\u0131l yeni sonu\u00e7lar ortaya \u00e7\u0131kacakt\u0131r. Daha fazlas\u0131 i\u00e7in Sonu\u00e7lar b\u00f6l\u00fcm\u00fcn\u00fc takip edin.[\/vc_column_text][\/vc_column][vc_column width=&#8221;1\/2&#8243; css=&#8221;.vc_custom_1635928385360{background-color: #e6e6e6 !important;}&#8221;][vc_single_image image=&#8221;928&#8243; img_size=&#8221;large&#8221; alignment=&#8221;center&#8221;][vc_column_text]<\/p>\n<div class=\"gdlr-core-pbf-element\">\n<div class=\"gdlr-core-title-item gdlr-core-item-pdb clearfix gdlr-core-left-align gdlr-core-title-item-caption-top gdlr-core-item-pdlr\">\n<div class=\"gdlr-core-title-item-left-image-wrap\">\n<div class=\"gdlr-core-title-item-title-wrap clearfix\">\n<h3 class=\"gdlr-core-title-item-title gdlr-core-skin-title \"><img loading=\"lazy\" decoding=\"async\" class=\"size-full wp-image-926 alignleft\" src=\"https:\/\/hortgreen.com\/wp-content\/uploads\/2021\/11\/growth-v1.png\" alt=\"\" width=\"25\" height=\"31\" \/>Hort4EUGreen Avrupa Ye\u015fil Mutabakat\u0131ndan esinlenmi\u015ftir.<\/h3>\n<\/div>\n<\/div>\n<\/div>\n<\/div>\n<div class=\"gdlr-core-pbf-element\">\n<div class=\"gdlr-core-text-box-item gdlr-core-item-pdlr gdlr-core-item-pdb gdlr-core-left-align\">\n<div class=\"gdlr-core-text-box-item-content\">\n<p>Avrupa, AB vatanda\u015flar\u0131 i\u00e7in daha g\u00fcvenli bir gelecek in\u015fa etmek amac\u0131yla politikalar\u0131n\u0131, stratejilerini ve eylemlerini uyarlamak i\u00e7in s\u00fcrekli olarak \u00e7aba sarf etmektedir. Avrupa Ye\u015fil Mutabakat\u0131, d\u00f6ng\u00fcsel ekonomi, bina yenileme, biyo\u00e7e\u015fitlilik, \u00e7ift\u00e7ilik ve yenilik\u00e7ilik konular\u0131nda yeni mevzuat getirerek 2050&#8217;de Avrupa&#8217;y\u0131 iklim n\u00f6tr hale getirme hedefiyle Avrupa Komisyonu taraf\u0131ndan \u00f6ne s\u00fcr\u00fclen bir dizi politika giri\u015fimidir.<\/p>\n<p>Avrupa Ye\u015fil Mutabakat\u0131, a\u015fa\u011f\u0131dakileri sa\u011flayarak vatanda\u015flar\u0131n ve gelecek nesillerin refah\u0131n\u0131 ve sa\u011fl\u0131\u011f\u0131n\u0131 iyile\u015ftirecektir:<\/p>\n<\/div>\n<\/div>\n<\/div>\n<p>[\/vc_column_text][vc_single_image image=&#8221;925&#8243; img_size=&#8221;large&#8221; alignment=&#8221;center&#8221;][vc_column_text]<\/p>\n<div class=\"gdlr-core-pbf-element\">\n<div class=\"gdlr-core-text-box-item gdlr-core-item-pdlr gdlr-core-item-pdb gdlr-core-left-align\">\n<p>Hakk\u0131nda daha fazlas\u0131n\u0131 <a href=\"https:\/\/ec.europa.eu\/info\/strategy\/priorities-2019-2024\/european-green-deal_en\" target=\"_blank\" rel=\"noopener\">burada<\/a> bulabilirsiniz<\/p>\n<p>&nbsp;<\/p>\n<\/div>\n<div class=\"gdlr-core-pbf-element\">\n<div class=\"gdlr-core-title-item gdlr-core-item-pdb clearfix gdlr-core-left-align gdlr-core-title-item-caption-top gdlr-core-item-pdlr\">\n<div class=\"gdlr-core-title-item-left-image-wrap\">\n<div class=\"gdlr-core-title-item-title-wrap clearfix\">\n<h3 class=\"gdlr-core-title-item-title gdlr-core-skin-title \"><img loading=\"lazy\" decoding=\"async\" class=\"wp-image-1177 alignleft\" src=\"https:\/\/hortgreen.com\/wp-content\/uploads\/2022\/03\/logo-about-us-1.png\" alt=\"\" width=\"70\" height=\"68\" \/>Avrupa Ara\u015ft\u0131rma Birli\u011fi, Hort4EUGreen&#8217;in kataliz\u00f6r\u00fcyd\u00fc.<\/h3>\n<\/div>\n<\/div>\n<\/div>\n<\/div>\n<div class=\"gdlr-core-pbf-element\">\n<div class=\"gdlr-core-text-box-item gdlr-core-item-pdlr gdlr-core-item-pdb gdlr-core-left-align\">\n<div class=\"gdlr-core-text-box-item-content\">\n<p>Bu Avrupa Ara\u015ft\u0131rma Birli\u011fi, daha g\u00fcvenli bir g\u0131da ve \u00e7evre i\u00e7in t\u00fcm Avrupa&#8217;da yeni ortak ara\u015ft\u0131rma ve deney stratejileri geli\u015ftirmeyi ama\u00e7lamaktad\u0131r. \u015eu anda bah\u00e7ecilik, pestisit kullan\u0131m\u0131n\u0131n en y\u00fcksek oldu\u011fu aland\u0131r ve bu nedenle benzeri g\u00f6r\u00fclmemi\u015f kaymalar\u0131n ve de\u011fi\u015fikliklerin uygulanmas\u0131 gereken ana aland\u0131r. Konsorsiyumumuzun d\u00f6rt \u00fcyesinden ikisi (<a href=\"http:\/\/www.usamv.ro\/index.php\/en\/25-news\/912-alternatives-to-chemical-pesticides\" target=\"_blank\" rel=\"noopener\">USAMV B\u00fcckre\u015f<\/a> and\u00a0<a href=\"https:\/\/www.era-pesticidefree.eu\/About-us\" target=\"_blank\" rel=\"noopener\">UNI-MATE, Macaristan<\/a>) bu ittifak\u0131n \u00fcyesidir. Ayn\u0131 zamanda d\u00f6rd\u00fcnc\u00fc \u00fclke olan T\u00fcrkiye, AB&#8217;deki meslekta\u015flar\u0131yla i\u015fbirli\u011fi i\u00e7inde ayn\u0131 hedeflere ula\u015fmakla yo\u011fun ilgilidir. Bu kadar y\u00fcksek hedeflere sahip bir ittifaka kat\u0131lmak, hem ba\u011flam\u0131 anlama hem de y\u00fcksek standartlarda performans g\u00f6sterme yetene\u011fine sahip, iyi e\u011fitimli uzmanlar gerektirir. Bu \u00fc\u00e7 ana nedene ve d\u00f6rt e\u011fitim materyalimizin ele ald\u0131\u011f\u0131 temalara dayanarak, &#8216;beceri bo\u015fluklar\u0131 ve uyumsuzluklarla m\u00fccadele&#8217; projemizin en ilgili yatay \u00f6nceli\u011fi haline gelmektedir. 16 Avrupa \u00fclkesinden 24 ara\u015ft\u0131rma kurulu\u015fu taraf\u0131ndan \u201cKimyasal Pestisitsiz Tar\u0131ma Do\u011fru\u201d hedefiyle 24 \u015eubat 2020 tarihinde ortak niyet beyan\u0131 imzaland\u0131. Bu Avrupa Ara\u015ft\u0131rma Birli\u011fi, ara\u015ft\u0131rman\u0131n y\u00fcr\u00fct\u00fclme \u015feklini yeniden d\u00fc\u015f\u00fcnmeyi ve t\u00fcm Avrupa&#8217;da yeni ortak ara\u015ft\u0131rma ve deney stratejileri geli\u015ftirmeyi ama\u00e7lamaktad\u0131r.<\/p>\n<p>Daha fazlas\u0131n\u0131 <a href=\"https:\/\/www.era-pesticidefree.eu\/\" target=\"_blank\" rel=\"noopener\">burada<\/a> \u00f6\u011frenin.<\/p>\n<\/div>\n<\/div>\n<\/div>\n<\/div>\n<p>[\/vc_column_text][\/vc_column][\/vc_row]<\/p>\n","protected":false},"excerpt":{"rendered":"<p>[vc_row][vc_column][\/vc_column][\/vc_row][vc_row container=&#8221;1&#8243; css=&#8221;.vc_custom_1635928843362{margin-top: 25px !important;}&#8221;][vc_column width=&#8221;1\/2&#8243;][vc_column_text]Biz Kimiz? \u00dc\u00e7 \u00fcniversiteden olu\u015fan bir grup (B\u00fckre\u015f Zirai Bilimler ve Veterinerlik \u00dcniversitesi, Sofya Orman<\/p>\n","protected":false},"author":1,"featured_media":0,"parent":0,"menu_order":0,"comment_status":"closed","ping_status":"closed","template":"tpl-visual_composer.php","meta":{"footnotes":""},"class_list":["post-9","page","type-page","status-publish","hentry"],"_links":{"self":[{"href":"https:\/\/hortgreen.com\/tr\/wp-json\/wp\/v2\/pages\/9","targetHints":{"allow":["GET"]}}],"collection":[{"href":"https:\/\/hortgreen.com\/tr\/wp-json\/wp\/v2\/pages"}],"about":[{"href":"https:\/\/hortgreen.com\/tr\/wp-json\/wp\/v2\/types\/page"}],"author":[{"embeddable":true,"href":"https:\/\/hortgreen.com\/tr\/wp-json\/wp\/v2\/users\/1"}],"replies":[{"embeddable":true,"href":"https:\/\/hortgreen.com\/tr\/wp-json\/wp\/v2\/comments?post=9"}],"version-history":[{"count":55,"href":"https:\/\/hortgreen.com\/tr\/wp-json\/wp\/v2\/pages\/9\/revisions"}],"predecessor-version":[{"id":1462,"href":"https:\/\/hortgreen.com\/tr\/wp-json\/wp\/v2\/pages\/9\/revisions\/1462"}],"wp:attachment":[{"href":"https:\/\/hortgreen.com\/tr\/wp-json\/wp\/v2\/media?parent=9"}],"curies":[{"name":"wp","href":"https:\/\/api.w.org\/{rel}","templated":true}]}}