{"id":7,"date":"2017-01-13T19:48:32","date_gmt":"2017-01-13T19:48:32","guid":{"rendered":"https:\/\/themazine.com\/wp\/edutech\/?page_id=7"},"modified":"2024-02-06T12:46:18","modified_gmt":"2024-02-06T12:46:18","slug":"home-version-one","status":"publish","type":"page","link":"https:\/\/hortgreen.com\/tr\/","title":{"rendered":"Home Version One"},"content":{"rendered":"<p>[vc_row el_id=&#8221;banner&#8221;][vc_column][rev_slider_vc alias=&#8221;home&#8221;][\/vc_column][\/vc_row][vc_row gap=&#8221;15&#8243; container=&#8221;1&#8243; css=&#8221;.vc_custom_1650439938521{margin-top: 25px !important;}&#8221;][vc_column width=&#8221;1\/3&#8243; css=&#8221;.vc_custom_1650440435216{padding-bottom: 20px !important;}&#8221;][vc_column_text]<\/p>\r\n<div class=\"block_home_1\">\r\n<ul class=\"ul_home_1\">\r\n<li>KA2 &#8211; \u0130novasyon i\u00e7in i\u015fbirli\u011fi ve iyi uygulamalar\u0131n de\u011fi\u015fimi<\/li>\r\n<li>KA203 &#8211; Y\u00fcksek\u00f6\u011fretim Alan\u0131 Stratejik Ortakl\u0131k Projeleri\u00a0<\/li>\r\n<li>S\u00f6zle\u015fme Numaras\u0131: 2020-1-RO01-KA203-080398<\/li>\r\n<li>Proje Ba\u015fl\u0131\u011f\u0131 : Bah\u00e7e Bitkileri Uzmanlar\u0131n\u0131n Mesleki Yeterliliklerini Avrupa \u201cGreenDeal\u201d Gereksinimlerini Kar\u015f\u0131layacak \u015eekilde Geli\u015ftirmesi<\/li>\r\n<li>Uygulama Periyodu : 01.10.2020 &#8211; 30.04.2023<\/li>\r\n<li>AB Hibesi : 185.446 EUR<\/li>\r\n<li style=\"text-align: left;\">Hort4EuGreen <a href=\"https:\/\/ec.europa.eu\/programmes\/erasmus-plus\/projects\/eplus-project-details\/#project\/2020-1-RO01-KA203-080398\" target=\"_blank\" rel=\"noopener\">Proje Bilgi Kart\u0131<\/a><\/li>\r\n<\/ul>\r\n<\/div>\r\n<p>[\/vc_column_text][\/vc_column][vc_column width=&#8221;1\/3&#8243; css=&#8221;.vc_custom_1650440447730{padding-bottom: 20px !important;}&#8221;][vc_single_image image=&#8221;878&#8243; img_size=&#8221;medium&#8221; alignment=&#8221;center&#8221;][vc_single_image image=&#8221;879&#8243; img_size=&#8221;medium&#8221; alignment=&#8221;center&#8221;][\/vc_column][vc_column width=&#8221;1\/3&#8243; css=&#8221;.vc_custom_1650440461677{padding-bottom: 20px !important;}&#8221;][vc_column_text]<\/p>\r\n<div class=\"block_home_1\">\u201dBu web sitesinin \u00fcretimi i\u00e7in Avrupa Komisyonu deste\u011fi, yaln\u0131zca yazarlar\u0131n g\u00f6r\u00fc\u015flerini yans\u0131tan i\u00e7eri\u011fin onayland\u0131\u011f\u0131 anlam\u0131na gelmez ve Ulusal Ajans ve Komisyon, burada yer alan bilgilerin herhangi bir \u015fekilde kullan\u0131lmas\u0131ndan sorumlu tutulamaz. \u201d.<\/div>\r\n<p>[\/vc_column_text][\/vc_column][\/vc_row][vc_row][vc_column][vc_text_separator title=&#8221;Our courses&#8221; i_icon_fontawesome=&#8221;fas fa-book-reader&#8221; i_color=&#8221;peacoc&#8221; i_size=&#8221;lg&#8221; add_icon=&#8221;true&#8221; css=&#8221;.vc_custom_1638953557041{margin-top: 15px !important;margin-bottom: 15px !important;}&#8221;][vc_column_text]<\/p>\n<div class=\"learnpress\"><div class=\"lp-archive-courses\">\r\n\t<div class=\"lp-content-area\">\r\n\t\t\r\n\t\t<ul class=\"learn-press-courses\" data-layout=\"grid\"><li class=\"course\"><div class=\"course-item\" data-id=\"1228\"><div class=\"course-thumbnail\"><a href=\"https:\/\/hortgreen.com\/tr\/cours\/practical-training-module-laboratory-methods-for-nutritional-quality-analysis\/\"><div class=\"course-img\"><img decoding=\"async\" src=\"https:\/\/hortgreen.com\/wp-content\/uploads\/2022\/05\/O1_cover-500x300.png\" alt=\"course thumbnail\"><\/div><\/a><\/div><div class=\"course-content\"><h3 class=\"wap-course-title\"><a class=\"course-permalink\" href=\"https:\/\/hortgreen.com\/tr\/cours\/practical-training-module-laboratory-methods-for-nutritional-quality-analysis\/\"><span class='course-title'>Nutritional quality of horticultural products handbook<\/span><\/a><\/h3><div class=\"course-instructor-category\"><div><label>by<\/label> <div class=\"course-instructor\"><a href=\"\"  > <span class=\"instructor-display-name\">Admin<\/span><\/a><\/div><\/div><div><label>in<\/label> <div class=\"course-categories\"><a href=\"https:\/\/hortgreen.com\/tr\/course-category\/handbook\/\" >Handbook<\/a><\/div><\/div><\/div><div class=\"course-wrap-meta\"><div class=\"meta-item meta-item-duration\"><span class=\"course-duration\">10 Weeks<\/span><\/div><div class=\"meta-item meta-item-level\"><span class=\"course-level\">Expert<\/span><\/div><div class=\"meta-item meta-item-lesson\"><div class=\"course-count-item lp_lesson\">5 Lessons<\/div><\/div><div class=\"meta-item meta-item-quiz\"><div class=\"course-count-item lp_quiz\">5 Quizzes<\/div><\/div><div class=\"meta-item meta-item-student\"><div class=\"course-count-student\">48 Students<\/div><\/div><\/div><p class=\"course-short-description\">Nutritional quality of horticultural products` handbook is a teaching and training material (TTM) intended for students use, particularly master students.<\/p><div class=\"course-info\"><span class=\"course-price\"><span class=\"course-item-price\"><span class=\"free\">Free<\/span><\/span><\/span><div class=\"course-readmore\"><a href=\"https:\/\/hortgreen.com\/tr\/cours\/practical-training-module-laboratory-methods-for-nutritional-quality-analysis\/\">Enroll Now<\/a><\/div><\/div><\/div><\/div><\/li><li class=\"course\"><div class=\"course-item\" data-id=\"579\"><div class=\"course-thumbnail\"><a href=\"https:\/\/hortgreen.com\/tr\/cours\/chemical-free-horticulture\/\"><div class=\"course-img\"><img decoding=\"async\" src=\"https:\/\/hortgreen.com\/wp-content\/uploads\/2021\/10\/O2v1-500x300.jpg\" alt=\"course thumbnail\"><\/div><\/a><\/div><div class=\"course-content\"><h3 class=\"wap-course-title\"><a class=\"course-permalink\" href=\"https:\/\/hortgreen.com\/tr\/cours\/chemical-free-horticulture\/\"><span class='course-title'>Chemical pesticide-free horticulture<\/span><\/a><\/h3><div class=\"course-instructor-category\"><div><label>by<\/label> <div class=\"course-instructor\"><a href=\"\"  > <span class=\"instructor-display-name\">Admin<\/span><\/a><\/div><\/div><div><label>in<\/label> <div class=\"course-categories\"><a href=\"https:\/\/hortgreen.com\/tr\/course-category\/handbook\/\" >Handbook<\/a><\/div><\/div><\/div><div class=\"course-wrap-meta\"><div class=\"meta-item meta-item-duration\"><span class=\"course-duration\">3 Hours<\/span><\/div><div class=\"meta-item meta-item-level\"><span class=\"course-level\">All levels<\/span><\/div><div class=\"meta-item meta-item-lesson\"><div class=\"course-count-item lp_lesson\">3 Lessons<\/div><\/div><div class=\"meta-item meta-item-quiz\"><div class=\"course-count-item lp_quiz\">2 Quizzes<\/div><\/div><div class=\"meta-item meta-item-student\"><div class=\"course-count-student\">32 Students<\/div><\/div><\/div><p class=\"course-short-description\">Enhancing practical skills of horticulture specialists to better address the demands of the European Green Deal IO1 Nutritional quality of<\/p><div class=\"course-info\"><span class=\"course-price\"><span class=\"course-item-price\"><span class=\"free\">Free<\/span><\/span><\/span><div class=\"course-readmore\"><a href=\"https:\/\/hortgreen.com\/tr\/cours\/chemical-free-horticulture\/\">Enroll Now<\/a><\/div><\/div><\/div><\/div><\/li><li class=\"course\"><div class=\"course-item\" data-id=\"1148\"><div class=\"course-thumbnail\"><a href=\"https:\/\/hortgreen.com\/tr\/cours\/sustainable-use-of-pesticides-and-their-residues-monitoring\/\"><div class=\"course-img\"><img decoding=\"async\" src=\"https:\/\/hortgreen.com\/wp-content\/uploads\/2022\/02\/O3v1-500x300.jpg\" alt=\"course thumbnail\"><\/div><\/a><\/div><div class=\"course-content\"><h3 class=\"wap-course-title\"><a class=\"course-permalink\" href=\"https:\/\/hortgreen.com\/tr\/cours\/sustainable-use-of-pesticides-and-their-residues-monitoring\/\"><span class='course-title'>Sustainable use of pesticides and their residues monitoring<\/span><\/a><\/h3><div class=\"course-instructor-category\"><div><label>by<\/label> <div class=\"course-instructor\"><a href=\"\"  > <span class=\"instructor-display-name\">Admin<\/span><\/a><\/div><\/div><div><label>in<\/label> <div class=\"course-categories\"><a href=\"https:\/\/hortgreen.com\/tr\/course-category\/handbook\/\" >Handbook<\/a><\/div><\/div><\/div><div class=\"course-wrap-meta\"><div class=\"meta-item meta-item-duration\"><span class=\"course-duration\">10 Weeks<\/span><\/div><div class=\"meta-item meta-item-level\"><span class=\"course-level\">All levels<\/span><\/div><div class=\"meta-item meta-item-lesson\"><div class=\"course-count-item lp_lesson\">6 Lessons<\/div><\/div><div class=\"meta-item meta-item-quiz\"><div class=\"course-count-item lp_quiz\">1 Quiz<\/div><\/div><div class=\"meta-item meta-item-student\"><div class=\"course-count-student\">34 Students<\/div><\/div><\/div><p class=\"course-short-description\">Enhancing practical skills of horticulture specialists to better address the demands of the European Green Deal IO1 Nutritional quality of<\/p><div class=\"course-info\"><span class=\"course-price\"><span class=\"course-item-price\"><span class=\"free\">Free<\/span><\/span><\/span><div class=\"course-readmore\"><a href=\"https:\/\/hortgreen.com\/tr\/cours\/sustainable-use-of-pesticides-and-their-residues-monitoring\/\">Enroll Now<\/a><\/div><\/div><\/div><\/div><\/li><li class=\"course\"><div class=\"course-item\" data-id=\"1151\"><div class=\"course-thumbnail\"><a href=\"https:\/\/hortgreen.com\/tr\/cours\/urban-horticulture\/\"><div class=\"course-img\"><img decoding=\"async\" src=\"https:\/\/hortgreen.com\/wp-content\/uploads\/2022\/02\/O4v1-500x300.jpg\" alt=\"course thumbnail\"><\/div><\/a><\/div><div class=\"course-content\"><h3 class=\"wap-course-title\"><a class=\"course-permalink\" href=\"https:\/\/hortgreen.com\/tr\/cours\/urban-horticulture\/\"><span class='course-title'>Urban horticulture<\/span><\/a><\/h3><div class=\"course-instructor-category\"><div><label>by<\/label> <div class=\"course-instructor\"><a href=\"\"  > <span class=\"instructor-display-name\">Admin<\/span><\/a><\/div><\/div><div><label>in<\/label> <div class=\"course-categories\"><a href=\"https:\/\/hortgreen.com\/tr\/course-category\/handbook\/\" >Handbook<\/a><\/div><\/div><\/div><div class=\"course-wrap-meta\"><div class=\"meta-item meta-item-duration\"><span class=\"course-duration\">10 Weeks<\/span><\/div><div class=\"meta-item meta-item-level\"><span class=\"course-level\">All levels<\/span><\/div><div class=\"meta-item meta-item-lesson\"><div class=\"course-count-item lp_lesson\">5 Lessons<\/div><\/div><div class=\"meta-item meta-item-quiz\"><div class=\"course-count-item lp_quiz\">0 Quizzes<\/div><\/div><div class=\"meta-item meta-item-student\"><div class=\"course-count-student\">20 Students<\/div><\/div><\/div><p class=\"course-short-description\">Urban horticulture `Urban horticulture` handbook is a teaching and training material (TTM) intended for students use, particularly master students. Due<\/p><div class=\"course-info\"><span class=\"course-price\"><span class=\"course-item-price\"><span class=\"free\">Free<\/span><\/span><\/span><div class=\"course-readmore\"><a href=\"https:\/\/hortgreen.com\/tr\/cours\/urban-horticulture\/\">Enroll Now<\/a><\/div><\/div><\/div><\/div><\/li><li class=\"course\"><div class=\"course-item\" data-id=\"1142\"><div class=\"course-thumbnail\"><a href=\"https:\/\/hortgreen.com\/tr\/cours\/https-hortgreen-com-cours-sustainable-use-of-pesticides-easing-the-way-for-a-chemical-free-horticulture-movie\/\"><div class=\"course-img\"><img decoding=\"async\" src=\"https:\/\/hortgreen.com\/wp-content\/uploads\/2022\/02\/O5v1-500x300.jpg\" alt=\"course thumbnail\"><\/div><\/a><\/div><div class=\"course-content\"><h3 class=\"wap-course-title\"><a class=\"course-permalink\" href=\"https:\/\/hortgreen.com\/tr\/cours\/https-hortgreen-com-cours-sustainable-use-of-pesticides-easing-the-way-for-a-chemical-free-horticulture-movie\/\"><span class='course-title'>Sustainable use of pesticides. Easing the way for a chemical free horticulture (movie)<\/span><\/a><\/h3><div class=\"course-instructor-category\"><div><label>by<\/label> <div class=\"course-instructor\"><a href=\"\"  > <span class=\"instructor-display-name\">Admin<\/span><\/a><\/div><\/div><div><label>in<\/label> <div class=\"course-categories\"><a href=\"https:\/\/hortgreen.com\/tr\/course-category\/movie\/\" >Movie<\/a><\/div><\/div><\/div><div class=\"course-wrap-meta\"><div class=\"meta-item meta-item-duration\"><span class=\"course-duration\">10 Weeks<\/span><\/div><div class=\"meta-item meta-item-level\"><span class=\"course-level\">Expert<\/span><\/div><div class=\"meta-item meta-item-lesson\"><div class=\"course-count-item lp_lesson\">1 Lesson<\/div><\/div><div class=\"meta-item meta-item-quiz\"><div class=\"course-count-item lp_quiz\">0 Quizzes<\/div><\/div><div class=\"meta-item meta-item-student\"><div class=\"course-count-student\">15 Students<\/div><\/div><\/div><p class=\"course-short-description\">The movie Sustainable Use of pesticides. Easing the way to chemical-free horticulture, of 12:07 minutes, it\u2019s an illustration of the<\/p><div class=\"course-info\"><span class=\"course-price\"><span class=\"course-item-price\"><span class=\"free\">Free<\/span><\/span><\/span><div class=\"course-readmore\"><a href=\"https:\/\/hortgreen.com\/tr\/cours\/https-hortgreen-com-cours-sustainable-use-of-pesticides-easing-the-way-for-a-chemical-free-horticulture-movie\/\">Enroll Now<\/a><\/div><\/div><\/div><\/div><\/li><\/ul>\t<\/div>\r\n<\/div>\r\n\r\n<\/div>\r\n<p><br \/>\u00a0[\/vc_column_text][\/vc_column][\/vc_row][vc_row][vc_column][vc_text_separator title=&#8221;Latest News&#8221;][bunch_latest_news cat=&#8221;latest-news&#8221; sort=&#8221;date&#8221; order=&#8221;DESC&#8221; style_two=&#8221;1&#8243; title=&#8221;Latest News&#8221; num=&#8221;6&#8243; text_limit=&#8221;20&#8243;][\/vc_column][\/vc_row]<\/p>","protected":false},"excerpt":{"rendered":"<p>[vc_row el_id=&#8221;banner&#8221;][vc_column][rev_slider_vc alias=&#8221;home&#8221;][\/vc_column][\/vc_row][vc_row gap=&#8221;15&#8243; container=&#8221;1&#8243; css=&#8221;.vc_custom_1650439938521{margin-top: 25px !important;}&#8221;][vc_column width=&#8221;1\/3&#8243; css=&#8221;.vc_custom_1650440435216{padding-bottom: 20px !important;}&#8221;][vc_column_text] KA2 &#8211; \u0130novasyon i\u00e7in i\u015fbirli\u011fi ve iyi uygulamalar\u0131n<\/p>\n","protected":false},"author":1,"featured_media":0,"parent":0,"menu_order":0,"comment_status":"closed","ping_status":"closed","template":"tpl-visual_composer.php","meta":{"footnotes":""},"class_list":["post-7","page","type-page","status-publish","hentry"],"_links":{"self":[{"href":"https:\/\/hortgreen.com\/tr\/wp-json\/wp\/v2\/pages\/7","targetHints":{"allow":["GET"]}}],"collection":[{"href":"https:\/\/hortgreen.com\/tr\/wp-json\/wp\/v2\/pages"}],"about":[{"href":"https:\/\/hortgreen.com\/tr\/wp-json\/wp\/v2\/types\/page"}],"author":[{"embeddable":true,"href":"https:\/\/hortgreen.com\/tr\/wp-json\/wp\/v2\/users\/1"}],"replies":[{"embeddable":true,"href":"https:\/\/hortgreen.com\/tr\/wp-json\/wp\/v2\/comments?post=7"}],"version-history":[{"count":32,"href":"https:\/\/hortgreen.com\/tr\/wp-json\/wp\/v2\/pages\/7\/revisions"}],"predecessor-version":[{"id":1866,"href":"https:\/\/hortgreen.com\/tr\/wp-json\/wp\/v2\/pages\/7\/revisions\/1866"}],"wp:attachment":[{"href":"https:\/\/hortgreen.com\/tr\/wp-json\/wp\/v2\/media?parent=7"}],"curies":[{"name":"wp","href":"https:\/\/api.w.org\/{rel}","templated":true}]}}