{"id":951,"date":"2021-11-03T09:28:54","date_gmt":"2021-11-03T09:28:54","guid":{"rendered":"https:\/\/hortgreen.com\/?page_id=951"},"modified":"2023-12-12T13:12:49","modified_gmt":"2023-12-12T13:12:49","slug":"activities","status":"publish","type":"page","link":"https:\/\/hortgreen.com\/ro\/activities\/","title":{"rendered":"Activit\u0103\u021bi"},"content":{"rendered":"<p>[vc_row][vc_column][\/vc_column][\/vc_row][vc_row container=&#8221;1&#8243; css=&#8221;.vc_custom_1635931810907{margin-top: 25px !important;}&#8221;][vc_column width=&#8221;1\/2&#8243;][vc_column_text]<\/p>\n<div class=\"gdlr-core-pbf-element\">\n<div class=\"gdlr-core-text-box-item gdlr-core-item-pdlr gdlr-core-item-pdb gdlr-core-left-align\">\n<div class=\"gdlr-core-text-box-item-content\">Sunt cinci tipuri de activit\u0103\u021bi care se vor desf\u0103\u0219ura \u00een acest proiect:<\/div>\n<\/div>\n<\/div>\n<div class=\"gdlr-core-pbf-element\">\n<div class=\"gdlr-core-icon-list-item gdlr-core-item-pdlr gdlr-core-item-pdb clearfix gdlr-core-left-align gdlr-core-style-1\">\n<ul>\n<li class=\" gdlr-core-skin-divider clearfix\">\n<div class=\"gdlr-core-icon-list-content-wrap\"><i class=\"gdlr-core-icon-list-icon fa fa-dot-circle-o\"><\/i><span class=\"gdlr-core-icon-list-content\"><strong>ACTIVIT\u0102\u021aILE DE MANAGEMENT DE PROIECT<\/strong> includ alte patru categorii: management de proiect; comunicare, diseminare \u0219i mobilizare; monitorizare de proiect, planificarea riscurilor \u0219i a situa\u021biilor de urgen\u021b\u0103 \u0219i sustenabilitatea proiectului.<\/span><\/div>\n<\/li>\n<\/ul>\n<\/div>\n<\/div>\n<div class=\"gdlr-core-pbf-element\">\n<div class=\"gdlr-core-text-box-item gdlr-core-item-pdlr gdlr-core-item-pdb gdlr-core-left-align\">\n<div class=\"gdlr-core-text-box-item-content\">\n<ul>\n<li>MANAGEMENT DE PROIECT\n<ul>\n<li>MA1 Management legal<\/li>\n<li>MA2 Management financiar<\/li>\n<li>MA3 Re\u021bele \u0219i cooperare<\/li>\n<li>MA4 Depunerea raportului intermediar<\/li>\n<li>MA5 Depunerea raportului final<\/li>\n<\/ul>\n<\/li>\n<\/ul>\n<ul>\n<li>COMUNICARE, SISEMINARE \u0218I MOBILIZARE\n<ul>\n<li>MA6 Lansarea site-ului proiectului \u0219i actualiz\u0103ri<\/li>\n<li>MA7 Social Media<\/li>\n<li>MA8 Publicitate \u00een jurnalele locale<\/li>\n<li>MA9 Comunicare intern\u0103<\/li>\n<\/ul>\n<\/li>\n<\/ul>\n<ul>\n<li>MONITORIZARE DE PROIECT, PLANIFICAREA RISCURILOR \u0218I A SITUA\u021aIILOR DE URGEN\u021a\u0102\n<ul>\n<li>MA10 Monitorizare de proiect<\/li>\n<li>MA11 Analiza riscurilor<\/li>\n<\/ul>\n<\/li>\n<\/ul>\n<ul>\n<li>SUSTENABILITATEA PROIECTULUI\n<ul>\n<li>MA12 Evaluarea impactului rezultatelor proiectului<\/li>\n<li>MA13 Evenimente dedicate persoanelor interesate<\/li>\n<\/ul>\n<\/li>\n<\/ul>\n<\/div>\n<\/div>\n<\/div>\n<div class=\"gdlr-core-pbf-element\">\n<div class=\"gdlr-core-icon-list-item gdlr-core-item-pdlr gdlr-core-item-pdb clearfix gdlr-core-left-align gdlr-core-style-1\">\n<ul>\n<li class=\" gdlr-core-skin-divider clearfix\">\n<div class=\"gdlr-core-icon-list-content-wrap\"><i class=\"gdlr-core-icon-list-icon fa fa-dot-circle-o\"><\/i><span class=\"gdlr-core-icon-list-content\"><strong>\u00ceNT\u00c2LNIRI DE PROIECT TRANSNA\u021aIONALE<\/strong>. Vor si cinci \u00eent\u00e2lniri transna\u021bionale de proiect pe durata celor 30 de luni de implementare ale proiectului, cu dou\u0103 persoane desemnate de a fi responsabile de management \u0219i implementare din partea fiec\u0103rui partener.<\/span><\/div>\n<\/li>\n<\/ul>\n<\/div>\n<\/div>\n<div class=\"gdlr-core-pbf-element\">\n<div class=\"gdlr-core-text-box-item gdlr-core-item-pdlr gdlr-core-item-pdb gdlr-core-left-align\">\n<div class=\"gdlr-core-text-box-item-content\">\n<ul>\n<li>M1 Evenimentul de lansare \u00een Bucure\u0219ti<\/li>\n<li>M2 \u00cent\u00e2lnire transna\u021bional\u0103 \u00een Ankara<\/li>\n<li>M3 \u00cent\u00e2lnire transna\u021bional\u0103 \u00een Budapesta<\/li>\n<li>M4 \u00cent\u00e2lnire transna\u021bional\u0103 \u00een Sofia<\/li>\n<li>M5 \u00cent\u00e2lnire de \u00eenchidere \u00een Bucure\u0219ti<\/li>\n<\/ul>\n<\/div>\n<\/div>\n<\/div>\n<div class=\"gdlr-core-pbf-element\">\n<div class=\"gdlr-core-icon-list-item gdlr-core-item-pdlr gdlr-core-item-pdb clearfix gdlr-core-left-align gdlr-core-style-1\">\n<ul>\n<li class=\" gdlr-core-skin-divider clearfix\">\n<div class=\"gdlr-core-icon-list-content-wrap\"><i class=\"gdlr-core-icon-list-icon fa fa-dot-circle-o\"><\/i>\u00cen timpul implement\u0103rii proiectului vor fi dezvoltate \u0219apte <strong>REZULTATE INTELECTUALE<\/strong>, av\u00e2nd ca grupuri \u021bint\u0103 studen\u021bi de master \u0219i personalul didactic \u0219i nedidactic.<\/div>\n<\/li>\n<\/ul>\n<\/div>\n<\/div>\n<div class=\"gdlr-core-pbf-element\">\n<div class=\"gdlr-core-text-box-item gdlr-core-item-pdlr gdlr-core-item-pdb gdlr-core-left-align\">\n<div class=\"gdlr-core-text-box-item-content\">\n<ul>\n<li>O1 Manualul \u201eCalitatea nutri\u021bional\u0103 a produselor horticole\u201d- condus de partenerul rom\u00e2n<\/li>\n<li>O2 Manualul \u201eHorticultur\u0103 f\u0103r\u0103 pesticide chimice\u201d \u2013 condus de partenerul bulgar<\/li>\n<li>O3 Manualul \u201eUtilizarea durabil\u0103 a pesticidelor \u0219i monitorizarea reziduurilor acestora\u201d &#8211; condus de partenerul rom\u00e2n<\/li>\n<li>O4 Manualul \u201eHorticultur\u0103 urban\u0103\u201d &#8211; condus de partenerul bulgar<\/li>\n<li>O5 \u201eUtilizarea durabil\u0103 a pesticidelor. U\u0219ur\u00e2nd calea c\u0103tre o horticultur\u0103 f\u0103r\u0103 substan\u021be chimice\u201d &#8211; condus de partenerul din Turcia, material video<\/li>\n<li>O6 \u201eHorticultura urban\u0103, un instrument pentru un mediu de via\u021b\u0103 mai bun\u201d &#8211; condus de partenerul bulgar, material video<\/li>\n<li>O7 \u201ePlatforma Online Hort4EUGren\u201d &#8211; condus\u0103 de partenerul rom\u00e2n<\/li>\n<\/ul>\n<\/div>\n<\/div>\n<\/div>\n<div class=\"gdlr-core-pbf-element\">\n<div class=\"gdlr-core-icon-list-item gdlr-core-item-pdlr gdlr-core-item-pdb clearfix gdlr-core-left-align gdlr-core-style-1\">\n<ul>\n<li class=\" gdlr-core-skin-divider clearfix\">\n<div class=\"gdlr-core-icon-list-content-wrap\"><i class=\"gdlr-core-icon-list-icon fa fa-dot-circle-o\"><\/i>Cinci activit\u0103\u021bi de <strong>\u00ceNV\u0102\u021aARE, PREDARE \u0218I FORMARE<\/strong> vor fi sus\u021binute pentru personalul organiza\u021biilor partenere, iar dou\u0103 vor fi organizate pentru studen\u021bii no\u0219trii. Vor fi organizate patru cursuri cu durata scurt\u0103 de cinci zile \u00een fiecare \u021bar\u0103 partener\u0103 \u0219i un curs de formare intensiv\u0103, pentru o lun\u0103. \u00cen anul II \u0219i III vor avea loc dou\u0103 \u0219coli de var\u0103 pentru masteranzii \u0219i doctoranzii \u00een horticultur\u0103 \u00een Bucure\u0219ti \u0219i Sofia.<\/div>\n<\/li>\n<\/ul>\n<\/div>\n<\/div>\n<div class=\"gdlr-core-pbf-element\">\n<div class=\"gdlr-core-text-box-item gdlr-core-item-pdlr gdlr-core-item-pdb gdlr-core-left-align\">\n<div class=\"gdlr-core-text-box-item-content\">\n<ul>\n<li>C1 Provoc\u0103ri \u00een folosirea sustenabil\u0103 a pesticidelor &#8211; Ankara<\/li>\n<li>C2 Instruire intensiv\u0103 privind analiza reziduurilor de pesticide &#8211; Budapesta<\/li>\n<li>C3 Prezent \u0219i viitor \u00een analiza reziduurilor de pesticide &#8211; Budapesta<\/li>\n<li>C4 Situa\u021bia actual\u0103 \u0219i perspective privind horticultura urban\u0103 &#8211; Sofia<\/li>\n<li>C5 Rela\u021bia dintre calitatea nutri\u021bional\u0103 a alimentelor \u0219i pesticidele &#8211; Bucure\u0219ti<\/li>\n<li>C6 \u0218coala de var\u0103 \u201dAlinierea competen\u021belor \u021b\u0103rilor din sud-estul Europei pentru un mediu \u00eenconjur\u0103tor f\u0103r\u0103 pesticide\u201d, Rom\u00e2nia<\/li>\n<li>C7 \u0218coala de var\u0103 \u201dHorticultura urban\u0103\u201d, Sofia<\/li>\n<\/ul>\n<\/div>\n<\/div>\n<\/div>\n<div class=\"gdlr-core-pbf-element\">\n<div class=\"gdlr-core-icon-list-item gdlr-core-item-pdlr gdlr-core-item-pdb clearfix gdlr-core-left-align gdlr-core-style-1\">\n<ul>\n<li class=\" gdlr-core-skin-divider clearfix\">\n<div class=\"gdlr-core-icon-list-content-wrap\"><i class=\"gdlr-core-icon-list-icon fa fa-dot-circle-o\"><\/i><span class=\"gdlr-core-icon-list-content\">Dou\u0103 <strong>EVENIMENTE DE MULTIPLICARE<\/strong> vor fi organizate \u00een Rom\u00e2nia \u0219i Bulgaria, \u00een cadrul c\u0103rora se vor prezenta rezultatele proiectului cu accent pe studen\u021bii masteranzi \u0219i profesori, dar \u0219i pe alte p\u0103r\u021bi interesate, cum ar fi oameni de afaceri, fermieri sau personal administrativ etc.<\/span><\/div>\n<\/li>\n<\/ul>\n<\/div>\n<\/div>\n<div class=\"gdlr-core-pbf-element\">\n<div class=\"gdlr-core-text-box-item gdlr-core-item-pdlr gdlr-core-item-pdb gdlr-core-left-align\">\n<div class=\"gdlr-core-text-box-item-content\">\n<ul>\n<li>E1 \u201dContribu\u021bia Pactului Verde European la dezvoltarea hortculturii urbane\u201d, Bulgaria<\/li>\n<li>E2 \u201dImpactul Pactului Verde European \u00een activit\u0103\u021bile de \u00eenv\u0103\u021bare, predare \u0219i instruire\u201d, Rom\u00e2nia<\/li>\n<\/ul>\n<\/div>\n<\/div>\n<\/div>\n<p>[\/vc_column_text][\/vc_column][vc_column width=&#8221;1\/2&#8243;][vc_single_image image=&#8221;1183&#8243; img_size=&#8221;large&#8221; alignment=&#8221;center&#8221;][\/vc_column][\/vc_row]<\/p>\n","protected":false},"excerpt":{"rendered":"<p>[vc_row][vc_column][\/vc_column][\/vc_row][vc_row container=&#8221;1&#8243; css=&#8221;.vc_custom_1635931810907{margin-top: 25px !important;}&#8221;][vc_column width=&#8221;1\/2&#8243;][vc_column_text] Sunt cinci tipuri de activit\u0103\u021bi care se vor desf\u0103\u0219ura \u00een acest proiect: ACTIVIT\u0102\u021aILE DE<\/p>\n","protected":false},"author":1,"featured_media":0,"parent":0,"menu_order":0,"comment_status":"closed","ping_status":"closed","template":"tpl-visual_composer.php","meta":{"footnotes":""},"class_list":["post-951","page","type-page","status-publish","hentry"],"_links":{"self":[{"href":"https:\/\/hortgreen.com\/ro\/wp-json\/wp\/v2\/pages\/951","targetHints":{"allow":["GET"]}}],"collection":[{"href":"https:\/\/hortgreen.com\/ro\/wp-json\/wp\/v2\/pages"}],"about":[{"href":"https:\/\/hortgreen.com\/ro\/wp-json\/wp\/v2\/types\/page"}],"author":[{"embeddable":true,"href":"https:\/\/hortgreen.com\/ro\/wp-json\/wp\/v2\/users\/1"}],"replies":[{"embeddable":true,"href":"https:\/\/hortgreen.com\/ro\/wp-json\/wp\/v2\/comments?post=951"}],"version-history":[{"count":17,"href":"https:\/\/hortgreen.com\/ro\/wp-json\/wp\/v2\/pages\/951\/revisions"}],"predecessor-version":[{"id":1461,"href":"https:\/\/hortgreen.com\/ro\/wp-json\/wp\/v2\/pages\/951\/revisions\/1461"}],"wp:attachment":[{"href":"https:\/\/hortgreen.com\/ro\/wp-json\/wp\/v2\/media?parent=951"}],"curies":[{"name":"wp","href":"https:\/\/api.w.org\/{rel}","templated":true}]}}