{"id":901,"date":"2021-11-03T09:19:01","date_gmt":"2021-11-03T09:19:01","guid":{"rendered":"https:\/\/hortgreen.com\/?page_id=901"},"modified":"2025-03-24T10:42:19","modified_gmt":"2025-03-24T10:42:19","slug":"courses","status":"publish","type":"page","link":"https:\/\/hortgreen.com\/ro\/courses\/","title":{"rendered":"Cursuri"},"content":{"rendered":"<p>[vc_row][vc_column][\/vc_column][\/vc_row][vc_row container=&#8221;1&#8243;][vc_column width=&#8221;2\/3&#8243;][vc_column_text]<\/p>\n<div class=\"learnpress\"><div class=\"lp-archive-courses\">\r\n\t<div class=\"lp-content-area\">\r\n\t\t\r\n\t\t<ul class=\"learn-press-courses\" data-layout=\"grid\"><li class=\"course\"><div class=\"course-item\" data-id=\"1228\"><div class=\"course-thumbnail\"><a href=\"https:\/\/hortgreen.com\/ro\/cours\/practical-training-module-laboratory-methods-for-nutritional-quality-analysis\/\"><div class=\"course-img\"><img decoding=\"async\" src=\"https:\/\/hortgreen.com\/wp-content\/uploads\/2022\/05\/O1_cover-500x300.png\" alt=\"miniatur\u0103 curs\"><\/div><\/a><\/div><div class=\"course-content\"><h3 class=\"wap-course-title\"><a class=\"course-permalink\" href=\"https:\/\/hortgreen.com\/ro\/cours\/practical-training-module-laboratory-methods-for-nutritional-quality-analysis\/\"><span class='course-title'>Nutritional quality of horticultural products handbook<\/span><\/a><\/h3><div class=\"course-instructor-category\"><div><label>de<\/label> <div class=\"course-instructor\"><a href=\"\"  > <span class=\"instructor-display-name\">Admin<\/span><\/a><\/div><\/div><div><label>\u00een<\/label> <div class=\"course-categories\"><a href=\"https:\/\/hortgreen.com\/ro\/course-category\/handbook\/\" >Handbook<\/a><\/div><\/div><\/div><div class=\"course-wrap-meta\"><div class=\"meta-item meta-item-duration\"><span class=\"course-duration\">10 s\u0103pt\u0103m\u00e2ni<\/span><\/div><div class=\"meta-item meta-item-level\"><span class=\"course-level\">Expert<\/span><\/div><div class=\"meta-item meta-item-lesson\"><div class=\"course-count-item lp_lesson\">5 Lec\u021bie<\/div><\/div><div class=\"meta-item meta-item-quiz\"><div class=\"course-count-item lp_quiz\">5 Test<\/div><\/div><div class=\"meta-item meta-item-student\"><div class=\"course-count-student\">48 Cursant<\/div><\/div><\/div><p class=\"course-short-description\">Nutritional quality of horticultural products` handbook is a teaching and training material (TTM) intended for students use, particularly master students.<\/p><div class=\"course-info\"><span class=\"course-price\"><span class=\"course-item-price\"><span class=\"free\">Gratuit<\/span><\/span><\/span><div class=\"course-readmore\"><a href=\"https:\/\/hortgreen.com\/ro\/cours\/practical-training-module-laboratory-methods-for-nutritional-quality-analysis\/\">\u00censcrie-te acum<\/a><\/div><\/div><\/div><\/div><\/li><li class=\"course\"><div class=\"course-item\" data-id=\"579\"><div class=\"course-thumbnail\"><a href=\"https:\/\/hortgreen.com\/ro\/cours\/chemical-free-horticulture\/\"><div class=\"course-img\"><img decoding=\"async\" src=\"https:\/\/hortgreen.com\/wp-content\/uploads\/2021\/10\/O2v1-500x300.jpg\" alt=\"miniatur\u0103 curs\"><\/div><\/a><\/div><div class=\"course-content\"><h3 class=\"wap-course-title\"><a class=\"course-permalink\" href=\"https:\/\/hortgreen.com\/ro\/cours\/chemical-free-horticulture\/\"><span class='course-title'>Chemical pesticide-free horticulture<\/span><\/a><\/h3><div class=\"course-instructor-category\"><div><label>de<\/label> <div class=\"course-instructor\"><a href=\"\"  > <span class=\"instructor-display-name\">Admin<\/span><\/a><\/div><\/div><div><label>\u00een<\/label> <div class=\"course-categories\"><a href=\"https:\/\/hortgreen.com\/ro\/course-category\/handbook\/\" >Handbook<\/a><\/div><\/div><\/div><div class=\"course-wrap-meta\"><div class=\"meta-item meta-item-duration\"><span class=\"course-duration\">3 ore<\/span><\/div><div class=\"meta-item meta-item-level\"><span class=\"course-level\">Toate nivelurile<\/span><\/div><div class=\"meta-item meta-item-lesson\"><div class=\"course-count-item lp_lesson\">3 Lec\u021bie<\/div><\/div><div class=\"meta-item meta-item-quiz\"><div class=\"course-count-item lp_quiz\">2 Test<\/div><\/div><div class=\"meta-item meta-item-student\"><div class=\"course-count-student\">32 Cursant<\/div><\/div><\/div><p class=\"course-short-description\">Enhancing practical skills of horticulture specialists to better address the demands of the European Green Deal IO1 Nutritional quality of<\/p><div class=\"course-info\"><span class=\"course-price\"><span class=\"course-item-price\"><span class=\"free\">Gratuit<\/span><\/span><\/span><div class=\"course-readmore\"><a href=\"https:\/\/hortgreen.com\/ro\/cours\/chemical-free-horticulture\/\">\u00censcrie-te acum<\/a><\/div><\/div><\/div><\/div><\/li><li class=\"course\"><div class=\"course-item\" data-id=\"1148\"><div class=\"course-thumbnail\"><a href=\"https:\/\/hortgreen.com\/ro\/cours\/sustainable-use-of-pesticides-and-their-residues-monitoring\/\"><div class=\"course-img\"><img decoding=\"async\" src=\"https:\/\/hortgreen.com\/wp-content\/uploads\/2022\/02\/O3v1-500x300.jpg\" alt=\"miniatur\u0103 curs\"><\/div><\/a><\/div><div class=\"course-content\"><h3 class=\"wap-course-title\"><a class=\"course-permalink\" href=\"https:\/\/hortgreen.com\/ro\/cours\/sustainable-use-of-pesticides-and-their-residues-monitoring\/\"><span class='course-title'>Sustainable use of pesticides and their residues monitoring<\/span><\/a><\/h3><div class=\"course-instructor-category\"><div><label>de<\/label> <div class=\"course-instructor\"><a href=\"\"  > <span class=\"instructor-display-name\">Admin<\/span><\/a><\/div><\/div><div><label>\u00een<\/label> <div class=\"course-categories\"><a href=\"https:\/\/hortgreen.com\/ro\/course-category\/handbook\/\" >Handbook<\/a><\/div><\/div><\/div><div class=\"course-wrap-meta\"><div class=\"meta-item meta-item-duration\"><span class=\"course-duration\">10 s\u0103pt\u0103m\u00e2ni<\/span><\/div><div class=\"meta-item meta-item-level\"><span class=\"course-level\">Toate nivelurile<\/span><\/div><div class=\"meta-item meta-item-lesson\"><div class=\"course-count-item lp_lesson\">6 Lec\u021bie<\/div><\/div><div class=\"meta-item meta-item-quiz\"><div class=\"course-count-item lp_quiz\">1 Test<\/div><\/div><div class=\"meta-item meta-item-student\"><div class=\"course-count-student\">34 Cursant<\/div><\/div><\/div><p class=\"course-short-description\">Enhancing practical skills of horticulture specialists to better address the demands of the European Green Deal IO1 Nutritional quality of<\/p><div class=\"course-info\"><span class=\"course-price\"><span class=\"course-item-price\"><span class=\"free\">Gratuit<\/span><\/span><\/span><div class=\"course-readmore\"><a href=\"https:\/\/hortgreen.com\/ro\/cours\/sustainable-use-of-pesticides-and-their-residues-monitoring\/\">\u00censcrie-te acum<\/a><\/div><\/div><\/div><\/div><\/li><li class=\"course\"><div class=\"course-item\" data-id=\"1151\"><div class=\"course-thumbnail\"><a href=\"https:\/\/hortgreen.com\/ro\/cours\/urban-horticulture\/\"><div class=\"course-img\"><img decoding=\"async\" src=\"https:\/\/hortgreen.com\/wp-content\/uploads\/2022\/02\/O4v1-500x300.jpg\" alt=\"miniatur\u0103 curs\"><\/div><\/a><\/div><div class=\"course-content\"><h3 class=\"wap-course-title\"><a class=\"course-permalink\" href=\"https:\/\/hortgreen.com\/ro\/cours\/urban-horticulture\/\"><span class='course-title'>Urban horticulture<\/span><\/a><\/h3><div class=\"course-instructor-category\"><div><label>de<\/label> <div class=\"course-instructor\"><a href=\"\"  > <span class=\"instructor-display-name\">Admin<\/span><\/a><\/div><\/div><div><label>\u00een<\/label> <div class=\"course-categories\"><a href=\"https:\/\/hortgreen.com\/ro\/course-category\/handbook\/\" >Handbook<\/a><\/div><\/div><\/div><div class=\"course-wrap-meta\"><div class=\"meta-item meta-item-duration\"><span class=\"course-duration\">10 s\u0103pt\u0103m\u00e2ni<\/span><\/div><div class=\"meta-item meta-item-level\"><span class=\"course-level\">Toate nivelurile<\/span><\/div><div class=\"meta-item meta-item-lesson\"><div class=\"course-count-item lp_lesson\">5 Lec\u021bie<\/div><\/div><div class=\"meta-item meta-item-quiz\"><div class=\"course-count-item lp_quiz\">0 Test<\/div><\/div><div class=\"meta-item meta-item-student\"><div class=\"course-count-student\">20 Cursant<\/div><\/div><\/div><p class=\"course-short-description\">Urban horticulture `Urban horticulture` handbook is a teaching and training material (TTM) intended for students use, particularly master students. Due<\/p><div class=\"course-info\"><span class=\"course-price\"><span class=\"course-item-price\"><span class=\"free\">Gratuit<\/span><\/span><\/span><div class=\"course-readmore\"><a href=\"https:\/\/hortgreen.com\/ro\/cours\/urban-horticulture\/\">\u00censcrie-te acum<\/a><\/div><\/div><\/div><\/div><\/li><li class=\"course\"><div class=\"course-item\" data-id=\"1142\"><div class=\"course-thumbnail\"><a href=\"https:\/\/hortgreen.com\/ro\/cours\/https-hortgreen-com-cours-sustainable-use-of-pesticides-easing-the-way-for-a-chemical-free-horticulture-movie\/\"><div class=\"course-img\"><img decoding=\"async\" src=\"https:\/\/hortgreen.com\/wp-content\/uploads\/2022\/02\/O5v1-500x300.jpg\" alt=\"miniatur\u0103 curs\"><\/div><\/a><\/div><div class=\"course-content\"><h3 class=\"wap-course-title\"><a class=\"course-permalink\" href=\"https:\/\/hortgreen.com\/ro\/cours\/https-hortgreen-com-cours-sustainable-use-of-pesticides-easing-the-way-for-a-chemical-free-horticulture-movie\/\"><span class='course-title'>Sustainable use of pesticides. Easing the way for a chemical free horticulture (movie)<\/span><\/a><\/h3><div class=\"course-instructor-category\"><div><label>de<\/label> <div class=\"course-instructor\"><a href=\"\"  > <span class=\"instructor-display-name\">Admin<\/span><\/a><\/div><\/div><div><label>\u00een<\/label> <div class=\"course-categories\"><a href=\"https:\/\/hortgreen.com\/ro\/course-category\/movie\/\" >Movie<\/a><\/div><\/div><\/div><div class=\"course-wrap-meta\"><div class=\"meta-item meta-item-duration\"><span class=\"course-duration\">10 s\u0103pt\u0103m\u00e2ni<\/span><\/div><div class=\"meta-item meta-item-level\"><span class=\"course-level\">Expert<\/span><\/div><div class=\"meta-item meta-item-lesson\"><div class=\"course-count-item lp_lesson\">1 Lec\u021bie<\/div><\/div><div class=\"meta-item meta-item-quiz\"><div class=\"course-count-item lp_quiz\">0 Test<\/div><\/div><div class=\"meta-item meta-item-student\"><div class=\"course-count-student\">15 Cursant<\/div><\/div><\/div><p class=\"course-short-description\">The movie Sustainable Use of pesticides. Easing the way to chemical-free horticulture, of 12:07 minutes, it\u2019s an illustration of the<\/p><div class=\"course-info\"><span class=\"course-price\"><span class=\"course-item-price\"><span class=\"free\">Gratuit<\/span><\/span><\/span><div class=\"course-readmore\"><a href=\"https:\/\/hortgreen.com\/ro\/cours\/https-hortgreen-com-cours-sustainable-use-of-pesticides-easing-the-way-for-a-chemical-free-horticulture-movie\/\">\u00censcrie-te acum<\/a><\/div><\/div><\/div><\/div><\/li><\/ul>\t<\/div>\r\n<\/div>\r\n\r\n<\/div>\r\n<p><br \/>[\/vc_column_text][\/vc_column][vc_column width=&#8221;1\/3&#8243; offset=&#8221;vc_col-xs-12&#8243; el_class=&#8221;loginCourse&#8221;][vc_column_text el_class=&#8221;loginCourseCustom&#8221;]<\/p>\r\n<p><a href=\"https:\/\/hortgreen.com\/profile-page\/\">My profile<\/a><\/p>\r\n<form name=\"loginform\" id=\"loginform\" action=\"https:\/\/hortgreen.com\/ro\/auth\/\" method=\"post\"><p class=\"login-username\">\n\t\t\t\t<label for=\"user_login\">Nume utilizator sau adres\u0103 email<\/label>\n\t\t\t\t<input type=\"text\" name=\"log\" id=\"user_login\" autocomplete=\"username\" class=\"input\" value=\"\" size=\"20\" \/>\n\t\t\t<\/p><p class=\"login-password\">\n\t\t\t\t<label for=\"user_pass\">Parol\u0103<\/label>\n\t\t\t\t<input type=\"password\" name=\"pwd\" id=\"user_pass\" autocomplete=\"current-password\" spellcheck=\"false\" class=\"input\" value=\"\" size=\"20\" \/>\n\t\t\t<\/p><p class=\"login-remember\"><label><input name=\"rememberme\" type=\"checkbox\" id=\"rememberme\" value=\"forever\" \/> \u021aine-m\u0103 minte<\/label><\/p><p class=\"login-submit\">\n\t\t\t\t<input type=\"submit\" name=\"wp-submit\" id=\"wp-submit\" class=\"button button-primary\" value=\"Autentificare\" \/>\n\t\t\t\t<input type=\"hidden\" name=\"redirect_to\" value=\"https:\/\/hortgreen.com\/ro\/wp-json\/wp\/v2\/pages\/901\" \/>\n\t\t\t<\/p><\/form><a class=\"wplf-lostpassword\" href=\"https:\/\/hortgreen.com\/ro\/auth\/?action=lostpassword\">Lost your password?<\/a>\n\r\n<p>&nbsp;<\/p>\r\n<p>[\/vc_column_text][\/vc_column][\/vc_row]<\/p>","protected":false},"excerpt":{"rendered":"<p>[vc_row][vc_column][\/vc_column][\/vc_row][vc_row container=&#8221;1&#8243;][vc_column width=&#8221;2\/3&#8243;][vc_column_text] [\/vc_column_text][\/vc_column][vc_column width=&#8221;1\/3&#8243; offset=&#8221;vc_col-xs-12&#8243; el_class=&#8221;loginCourse&#8221;][vc_column_text el_class=&#8221;loginCourseCustom&#8221;] My profile &nbsp; [\/vc_column_text][\/vc_column][\/vc_row]<\/p>\n","protected":false},"author":1,"featured_media":0,"parent":0,"menu_order":0,"comment_status":"closed","ping_status":"closed","template":"tpl-visual_composer.php","meta":{"footnotes":""},"class_list":["post-901","page","type-page","status-publish","hentry"],"_links":{"self":[{"href":"https:\/\/hortgreen.com\/ro\/wp-json\/wp\/v2\/pages\/901","targetHints":{"allow":["GET"]}}],"collection":[{"href":"https:\/\/hortgreen.com\/ro\/wp-json\/wp\/v2\/pages"}],"about":[{"href":"https:\/\/hortgreen.com\/ro\/wp-json\/wp\/v2\/types\/page"}],"author":[{"embeddable":true,"href":"https:\/\/hortgreen.com\/ro\/wp-json\/wp\/v2\/users\/1"}],"replies":[{"embeddable":true,"href":"https:\/\/hortgreen.com\/ro\/wp-json\/wp\/v2\/comments?post=901"}],"version-history":[{"count":34,"href":"https:\/\/hortgreen.com\/ro\/wp-json\/wp\/v2\/pages\/901\/revisions"}],"predecessor-version":[{"id":13246,"href":"https:\/\/hortgreen.com\/ro\/wp-json\/wp\/v2\/pages\/901\/revisions\/13246"}],"wp:attachment":[{"href":"https:\/\/hortgreen.com\/ro\/wp-json\/wp\/v2\/media?parent=901"}],"curies":[{"name":"wp","href":"https:\/\/api.w.org\/{rel}","templated":true}]}}