{"id":9,"date":"2017-01-13T19:49:29","date_gmt":"2017-01-13T19:49:29","guid":{"rendered":"https:\/\/themazine.com\/wp\/edutech\/?page_id=9"},"modified":"2023-12-12T13:32:39","modified_gmt":"2023-12-12T13:32:39","slug":"about-us","status":"publish","type":"page","link":"https:\/\/hortgreen.com\/hu\/about-us\/","title":{"rendered":"R\u00f3lunk"},"content":{"rendered":"<p>[vc_row][vc_column][\/vc_column][\/vc_row][vc_row container=&#8221;1&#8243; css=&#8221;.vc_custom_1635928843362{margin-top: 25px !important;}&#8221;][vc_column width=&#8221;1\/2&#8243;][vc_column_text]<strong>Kik vagyunk ?<\/strong><\/p>\n<p>H\u00e1rom egyetem (<a href=\"https:\/\/www.usamv.ro\">Bukaresti Agron\u00f3miai \u00e9s \u00c1llatorvostudom\u00e1nyi Egyetem<\/a>, <a href=\"https:\/\/ltu.bg\/en\/\" target=\"_blank\" rel=\"noopener\">Sz\u00f3fiai Erd\u00e9szeti Egyetem<\/a> \u00e9s <a href=\"https:\/\/uni-mate.hu\/\" target=\"_blank\" rel=\"noopener\">Magyar Mez\u0151gazdas\u00e1gi \u00e9s \u00c9lettudom\u00e1nyi Egyetem<\/a>) \u00e9s egy int\u00e9zet (<a href=\"https:\/\/arastirma.tarimorman.gov.tr\/zmmae\" target=\"_blank\" rel=\"noopener\">N\u00f6v\u00e9nyv\u00e9delmi K\u00f6zponti Kutat\u00f3int\u00e9zet Igazgat\u00f3s\u00e1ga<\/a>, Ankara) egyes\u00edtette er\u0151it, hogy hozz\u00e1j\u00e1ruljon a \u201ez\u00f6ldebb\u201d oktat\u00e1shoz \u00e9s k\u00e9pz\u00e9shez a kert\u00e9szeti mesterszakos hallgat\u00f3k sz\u00e1m\u00e1ra. Tov\u00e1bbi inform\u00e1ci\u00f3 r\u00f3lunk <a href=\"https:\/\/dev.hortgreen.com\/partners\/\" target=\"_blank\" rel=\"noopener\">itt<\/a>.<\/p>\n<p>&nbsp;<\/p>\n<p><strong><img loading=\"lazy\" decoding=\"async\" class=\"alignnone size-full wp-image-1162\" src=\"https:\/\/hortgreen.com\/wp-content\/uploads\/2022\/02\/1.-About-us_who-we-are-1-1.jpg\" alt=\"\" width=\"1280\" height=\"720\" srcset=\"https:\/\/hortgreen.com\/wp-content\/uploads\/2022\/02\/1.-About-us_who-we-are-1-1.jpg 1280w, https:\/\/hortgreen.com\/wp-content\/uploads\/2022\/02\/1.-About-us_who-we-are-1-1-300x169.jpg 300w, https:\/\/hortgreen.com\/wp-content\/uploads\/2022\/02\/1.-About-us_who-we-are-1-1-1024x576.jpg 1024w, https:\/\/hortgreen.com\/wp-content\/uploads\/2022\/02\/1.-About-us_who-we-are-1-1-768x432.jpg 768w\" sizes=\"auto, (max-width: 1280px) 100vw, 1280px\" \/><\/strong><\/p>\n<p>&nbsp;<\/p>\n<p><strong>Mi\u00e9rt ez a projekt?<\/strong><\/p>\n<p>Eur\u00f3pa-szerte egyre t\u00f6bb int\u00e9zm\u00e9nyt s\u00fajt a munkaer\u0151piaci ig\u00e9nyek \u00e9s k\u00edn\u00e1lat k\u00f6z\u00f6tti n\u00f6vekv\u0151 elt\u00e9r\u00e9s.<br \/>\nA munkaer\u0151piacok gyorsan v\u00e1ltoznak a technol\u00f3giai fejl\u0151d\u00e9s, a z\u00f6ld\u00edt\u00e9s \u00e9s a munkaer\u0151 el\u00f6reged\u00e9se miatt.<br \/>\nA fels\u0151oktat\u00e1si int\u00e9zm\u00e9nyek felel\u0151ss\u00e9ge e szakad\u00e9k cs\u00f6kkent\u00e9se, a fiatal gener\u00e1ci\u00f3k felk\u00e9sz\u00edt\u00e9se, foglalkoztathat\u00f3s\u00e1guk \u00e9s szem\u00e9lyes fejl\u0151d\u00e9s\u00fck el\u0151seg\u00edt\u00e9se. Eur\u00f3pa folyamatosan er\u0151fesz\u00edt\u00e9seket tesz politikailag, strat\u00e9giailag \u00e9s az int\u00e9zked\u00e9seinek korrig\u00e1l\u00e1sa \u00e9rdek\u00e9ben, hogy biztons\u00e1gosabb j\u00f6v\u0151t \u00e9p\u00edtsen az uni\u00f3s polg\u00e1rok sz\u00e1m\u00e1ra. Ilyen fell\u00e9p\u00e9s az Eur\u00f3pai Z\u00f6ld Deal, amely olyan uni\u00f3s szakpolitikai kezdem\u00e9nyez\u00e9sek sorozata, amelyek c\u00e9lja Eur\u00f3pa kl\u00edmasemlegess\u00e9 t\u00e9tele 2050-ben a k\u00f6rk\u00f6r\u00f6s gazdas\u00e1gra, az \u00e9p\u00fcletek fel\u00faj\u00edt\u00e1s\u00e1ra, a biol\u00f3giai sokf\u00e9les\u00e9gre, a gazd\u00e1lkod\u00e1sra \u00e9s az innov\u00e1ci\u00f3ra vonatkoz\u00f3 \u00faj jogszab\u00e1lyok bevezet\u00e9s\u00e9vel.<\/p>\n<p>&nbsp;<\/p>\n<p><strong>Amit akarunk ?<\/strong><\/p>\n<p>A Hort4EUgreen t\u00e1gabb k\u00f6re a partnerint\u00e9zm\u00e9nyek azon kapacit\u00e1s\u00e1nak er\u0151s\u00edt\u00e9s\u00e9nek tekinthet\u0151, hogy a kert\u00e9szetben felbukkan\u00f3 \u00faj t\u00e9mak\u00f6r\u00f6kben korszer\u0171 oktat\u00e1st \u00e9s k\u00e9pz\u00e9st biztos\u00edtsanak a mesterk\u00e9pz\u00e9sben r\u00e9szt vev\u0151 hallgat\u00f3k sz\u00e1m\u00e1ra, a munkaer\u0151piac aktu\u00e1lis ig\u00e9nyeire v\u00e1laszolva.<br \/>\nSz\u00e1m\u00edtunk di\u00e1kjainkra \u00e9s munkat\u00e1rsainkra olyan \u00faj ismeretek, k\u00e9szs\u00e9gek \u00e9s attit\u0171d\u00f6k elsaj\u00e1t\u00edt\u00e1s\u00e1ban, amelyek n\u00f6velik a j\u00f6v\u0151ben a hallgat\u00f3k es\u00e9lyeit egy jobb munk\u00e1ra vagy v\u00e1llalkoz\u00e1sra, \u00e9s a hallgat\u00f3k j\u00f3 \u00e9rt\u00e9kel\u00e9s\u00e9t k\u00f6vet\u0151en n\u0151 a tan\u00e1rok el\u00e9gedetts\u00e9gi szintje is.<br \/>\nEhhez k\u00e9t online k\u00e9pz\u00e9si anyagot, k\u00e9t ny\u00edlt oktat\u00e1si forr\u00e1st, k\u00e9t filmet \u00e9s egy tanul\u00e1si \u00e9s k\u00e9pz\u00e9si platformot biztos\u00edtunk.<\/p>\n<p>&nbsp;<\/p>\n<p><strong>Hol lesz\u00fcnk hat\u00e1ssal?<\/strong><\/p>\n<p>N\u00e9gy orsz\u00e1g (Rom\u00e1nia, Bulg\u00e1ria, Magyarorsz\u00e1g \u00e9s T\u00f6r\u00f6korsz\u00e1g) partnerei dolgoznak egy\u00fctt az eredm\u00e9nyeken, amelyek vil\u00e1gszerte el\u00e9rhet\u0151ek lesznek. A vezet\u0151 USAMV Bukarest egy korszer\u0171 \u00faj Kutat\u00f3k\u00f6zponttal rendelkezik, amely k\u00e9pes megv\u00e1laszolni a Hort4EUGreen k\u00e9r\u00e9seit, mik\u00f6zben sok mester- \u00e9s doktorandusz hallgat\u00f3 sz\u00edvesen tanul \u00e9s fejleszti k\u00e9pess\u00e9geit. Az elm\u00e9leti \u00e9s gyakorlati szak\u00e9rtelem n\u00e9gy \u00faj, felt\u00f6rekv\u0151 kert\u00e9szeti t\u00e9m\u00e1ban, mesterakad\u00e9miai szinten seg\u00edti el\u0151.<\/p>\n<p>&nbsp;<\/p>\n<p><strong>Mikor?<\/strong><\/p>\n<p>Az els\u0151 projekteredm\u00e9nyek 2021 v\u00e9g\u00e9n v\u00e1lnak el\u00e9rhet\u0151v\u00e9 online. Minden \u00e9vben \u00faj eredm\u00e9nyek jelennek meg. Tov\u00e1bbi inform\u00e1ci\u00f3\u00e9rt k\u00f6vesse az Eredm\u00e9nyek r\u00e9szt.[\/vc_column_text][\/vc_column][vc_column width=&#8221;1\/2&#8243; css=&#8221;.vc_custom_1635928385360{background-color: #e6e6e6 !important;}&#8221;][vc_single_image image=&#8221;928&#8243; img_size=&#8221;large&#8221; alignment=&#8221;center&#8221;][vc_column_text]<\/p>\n<div class=\"gdlr-core-pbf-element\">\n<div class=\"gdlr-core-title-item gdlr-core-item-pdb clearfix gdlr-core-left-align gdlr-core-title-item-caption-top gdlr-core-item-pdlr\">\n<div class=\"gdlr-core-title-item-left-image-wrap\">\n<div class=\"gdlr-core-title-item-title-wrap clearfix\">\n<h3 class=\"gdlr-core-title-item-title gdlr-core-skin-title \"><img loading=\"lazy\" decoding=\"async\" class=\"size-full wp-image-926 alignleft\" src=\"https:\/\/hortgreen.com\/wp-content\/uploads\/2021\/11\/growth-v1.png\" alt=\"\" width=\"25\" height=\"31\" \/>A Hort4EUGreen-t az Eur\u00f3pai Z\u00f6ld Meg\u00e1llapod\u00e1s ihlette.<\/h3>\n<\/div>\n<\/div>\n<\/div>\n<\/div>\n<div class=\"gdlr-core-pbf-element\">\n<div class=\"gdlr-core-text-box-item gdlr-core-item-pdlr gdlr-core-item-pdb gdlr-core-left-align\">\n<div class=\"gdlr-core-text-box-item-content\">\n<p>Eur\u00f3pa folyamatosan er\u0151fesz\u00edt\u00e9seket tesz politikai, strat\u00e9giai szinten \u00e9s az int\u00e9zked\u00e9seinek korrig\u00e1l\u00e1s\u00e1ra, hogy biztons\u00e1gosabb j\u00f6v\u0151t \u00e9p\u00edtsen az uni\u00f3s polg\u00e1rok sz\u00e1m\u00e1ra. Az Eur\u00f3pai Z\u00f6ld Meg\u00e1llapod\u00e1s az Eur\u00f3pai Bizotts\u00e1g \u00e1ltal el\u0151terjesztett szakpolitikai kezdem\u00e9nyez\u00e9sek \u00f6sszess\u00e9ge, amelynek \u00e1tfog\u00f3 c\u00e9lja, hogy 2050-ben Eur\u00f3p\u00e1t kl\u00edmasemlegess\u00e9 tegy\u00e9k a k\u00f6rk\u00f6r\u00f6s gazdas\u00e1gra, az \u00e9p\u00fcletek fel\u00faj\u00edt\u00e1s\u00e1ra, a biol\u00f3giai sokf\u00e9les\u00e9gre, a gazd\u00e1lkod\u00e1sra \u00e9s az innov\u00e1ci\u00f3ra vonatkoz\u00f3 \u00faj jogszab\u00e1lyok bevezet\u00e9s\u00e9vel.<\/p>\n<p>Az Eur\u00f3pai Z\u00f6ld Meg\u00e1llapod\u00e1s jav\u00edtani fogja a polg\u00e1rok \u00e9s a j\u00f6v\u0151 gener\u00e1ci\u00f3inak j\u00f3l\u00e9t\u00e9t \u00e9s eg\u00e9szs\u00e9g\u00e9t az\u00e1ltal, hogy:<\/p>\n<\/div>\n<\/div>\n<\/div>\n<p>[\/vc_column_text][vc_single_image image=&#8221;925&#8243; img_size=&#8221;large&#8221; alignment=&#8221;center&#8221;][vc_column_text]<\/p>\n<div class=\"gdlr-core-pbf-element\">\n<div class=\"gdlr-core-text-box-item gdlr-core-item-pdlr gdlr-core-item-pdb gdlr-core-left-align\">\n<p>Tudjon meg t\u00f6bbet r\u00f3la <a href=\"https:\/\/ec.europa.eu\/info\/strategy\/priorities-2019-2024\/european-green-deal_en\" target=\"_blank\" rel=\"noopener\">itt<\/a>.<\/p>\n<p>&nbsp;<\/p>\n<\/div>\n<div class=\"gdlr-core-pbf-element\">\n<div class=\"gdlr-core-title-item gdlr-core-item-pdb clearfix gdlr-core-left-align gdlr-core-title-item-caption-top gdlr-core-item-pdlr\">\n<div class=\"gdlr-core-title-item-left-image-wrap\">\n<div class=\"gdlr-core-title-item-title-wrap clearfix\">\n<h3 class=\"gdlr-core-title-item-title gdlr-core-skin-title \"><img loading=\"lazy\" decoding=\"async\" class=\"wp-image-1177 alignleft\" src=\"https:\/\/hortgreen.com\/wp-content\/uploads\/2022\/03\/logo-about-us-1.png\" alt=\"\" width=\"70\" height=\"68\" \/>Az Eur\u00f3pai Kutat\u00e1si Sz\u00f6vets\u00e9g a Hort4EUGreen kataliz\u00e1tora volt.<\/h3>\n<\/div>\n<\/div>\n<\/div>\n<\/div>\n<div class=\"gdlr-core-pbf-element\">\n<div class=\"gdlr-core-text-box-item gdlr-core-item-pdlr gdlr-core-item-pdb gdlr-core-left-align\">\n<div class=\"gdlr-core-text-box-item-content\">\n<p>Ennek az Eur\u00f3pai Kutat\u00e1si Sz\u00f6vets\u00e9gnek az a c\u00e9lja, hogy \u00faj k\u00f6z\u00f6s kutat\u00e1si \u00e9s k\u00eds\u00e9rleti strat\u00e9gi\u00e1kat dolgozzon ki eg\u00e9sz Eur\u00f3p\u00e1ban a biztons\u00e1gosabb \u00e9lelmiszer- \u00e9s k\u00f6rnyezetv\u00e9delem \u00e9rdek\u00e9ben. Jelenleg a kert\u00e9szet az a ter\u00fclet, ahol a legmagasabb a n\u00f6v\u00e9nyv\u00e9d\u0151szer-felhaszn\u00e1l\u00e1s, ez\u00e9rt a f\u0151 ter\u00fclet, ahol soha nem l\u00e1tott elmozdul\u00e1sokat, v\u00e1ltoztat\u00e1sokat kell v\u00e9grehajtani. Konzorciumunk n\u00e9gy tagj\u00e1b\u00f3l kett\u0151 (<a href=\"http:\/\/www.usamv.ro\/index.php\/en\/25-news\/912-alternatives-to-chemical-pesticides\" target=\"_blank\" rel=\"noopener\">USAMV Bukarest<\/a> \u00e9s <a href=\"https:\/\/www.era-pesticidefree.eu\/About-us\" target=\"_blank\" rel=\"noopener\">NAIK, Magyarorsz\u00e1g<\/a>) tagja ennek a sz\u00f6vets\u00e9gnek, m\u00edg a negyedik, T\u00f6r\u00f6korsz\u00e1g nagyon \u00e9rdekelt abban, hogy EU-s koll\u00e9g\u00e1ival egy\u00fcttm\u0171k\u00f6dve ugyanazokat a c\u00e9lokat teljes\u00edtse. Egy ilyen magas c\u00e9lokat szolg\u00e1l\u00f3 sz\u00f6vets\u00e9gben val\u00f3 r\u00e9szv\u00e9telhez j\u00f3l k\u00e9pzett szakemberekre van sz\u00fcks\u00e9g, akik k\u00e9pesek meg\u00e9rteni a kontextust \u00e9s magas sz\u00ednvonalon teljes\u00edteni. E h\u00e1rom f\u0151 ok \u00e9s a n\u00e9gy k\u00e9pz\u00e9si anyagunkban t\u00e1rgyalt t\u00e9m\u00e1k alapj\u00e1n a \u201ek\u00e9szs\u00e9gbeli hi\u00e1nyoss\u00e1gok \u00e9s elt\u00e9r\u00e9sek kezel\u00e9se\u201d projekt\u00fcnk legfontosabb horizont\u00e1lis priorit\u00e1s\u00e1v\u00e1 v\u00e1lik. A k\u00f6z\u00f6s sz\u00e1nd\u00e9knyilatkozatot 2020. febru\u00e1r 24-\u00e9n 16 eur\u00f3pai orsz\u00e1g 24 kutat\u00f3szervezete \u00edrta al\u00e1 \u201eA vegyszermentes n\u00f6v\u00e9nyv\u00e9d\u0151szer-mentes mez\u0151gazdas\u00e1g fel\u00e9\u201d. Az Eur\u00f3pai Kutat\u00e1si Sz\u00f6vets\u00e9g c\u00e9lja, hogy \u00fajragondolja a kutat\u00e1sok v\u00e9gz\u00e9s\u00e9nek m\u00f3dj\u00e1t, \u00e9s \u00faj k\u00f6z\u00f6s kutat\u00e1si \u00e9s k\u00eds\u00e9rleti strat\u00e9gi\u00e1kat dolgozzon ki eg\u00e9sz Eur\u00f3p\u00e1ban.<\/p>\n<pre id=\"tw-target-text\" class=\"tw-data-text tw-text-large tw-ta\" dir=\"ltr\" data-placeholder=\"Translation\" data-ved=\"2ahUKEwj6n7fe14mDAxW7gf0HHW_DDwMQ3ewLegQICBAQ\"><span class=\"Y2IQFc\" lang=\"hu\">Tov\u00e1bbi inform\u00e1ci\u00f3<\/span> <a href=\"https:\/\/www.era-pesticidefree.eu\/\" target=\"_blank\" rel=\"noopener\">itt<\/a>.<\/pre>\n<\/div>\n<\/div>\n<\/div>\n<\/div>\n<p>[\/vc_column_text][\/vc_column][\/vc_row]<\/p>\n","protected":false},"excerpt":{"rendered":"<p>[vc_row][vc_column][\/vc_column][\/vc_row][vc_row container=&#8221;1&#8243; css=&#8221;.vc_custom_1635928843362{margin-top: 25px !important;}&#8221;][vc_column width=&#8221;1\/2&#8243;][vc_column_text]Kik vagyunk ? H\u00e1rom egyetem (Bukaresti Agron\u00f3miai \u00e9s \u00c1llatorvostudom\u00e1nyi Egyetem, Sz\u00f3fiai Erd\u00e9szeti Egyetem \u00e9s Magyar<\/p>\n","protected":false},"author":1,"featured_media":0,"parent":0,"menu_order":0,"comment_status":"closed","ping_status":"closed","template":"tpl-visual_composer.php","meta":{"footnotes":""},"class_list":["post-9","page","type-page","status-publish","hentry"],"_links":{"self":[{"href":"https:\/\/hortgreen.com\/hu\/wp-json\/wp\/v2\/pages\/9","targetHints":{"allow":["GET"]}}],"collection":[{"href":"https:\/\/hortgreen.com\/hu\/wp-json\/wp\/v2\/pages"}],"about":[{"href":"https:\/\/hortgreen.com\/hu\/wp-json\/wp\/v2\/types\/page"}],"author":[{"embeddable":true,"href":"https:\/\/hortgreen.com\/hu\/wp-json\/wp\/v2\/users\/1"}],"replies":[{"embeddable":true,"href":"https:\/\/hortgreen.com\/hu\/wp-json\/wp\/v2\/comments?post=9"}],"version-history":[{"count":55,"href":"https:\/\/hortgreen.com\/hu\/wp-json\/wp\/v2\/pages\/9\/revisions"}],"predecessor-version":[{"id":1462,"href":"https:\/\/hortgreen.com\/hu\/wp-json\/wp\/v2\/pages\/9\/revisions\/1462"}],"wp:attachment":[{"href":"https:\/\/hortgreen.com\/hu\/wp-json\/wp\/v2\/media?parent=9"}],"curies":[{"name":"wp","href":"https:\/\/api.w.org\/{rel}","templated":true}]}}