{"id":7,"date":"2017-01-13T19:48:32","date_gmt":"2017-01-13T19:48:32","guid":{"rendered":"https:\/\/themazine.com\/wp\/edutech\/?page_id=7"},"modified":"2024-02-06T12:46:18","modified_gmt":"2024-02-06T12:46:18","slug":"home-version-one","status":"publish","type":"page","link":"https:\/\/hortgreen.com\/hu\/","title":{"rendered":"Home Version One"},"content":{"rendered":"<p>[vc_row el_id=&#8221;banner&#8221;][vc_column][rev_slider_vc alias=&#8221;home&#8221;][\/vc_column][\/vc_row][vc_row gap=&#8221;15&#8243; container=&#8221;1&#8243; css=&#8221;.vc_custom_1650439938521{margin-top: 25px !important;}&#8221;][vc_column width=&#8221;1\/3&#8243; css=&#8221;.vc_custom_1650440435216{padding-bottom: 20px !important;}&#8221;][vc_column_text]<\/p>\r\n<div class=\"block_home_1\">\r\n<ul class=\"ul_home_1\">\r\n<li>Egy\u00fcttm\u0171k\u00f6d\u00e9s az innov\u00e1ci\u00f3 \u00e9s a j\u00f3 gyakorlatok cser\u00e9j\u00e9nek \u00e9rdek\u00e9ben<\/li>\r\n<li>KA203 \u2013 Strat\u00e9giai partners\u00e9gek a fels\u0151oktat\u00e1sban<\/li>\r\n<li>Meg\u00e1llapod\u00e1s sz\u00e1ma: 2020-1-RO01-KA203-080398<\/li>\r\n<li>Projekt c\u00edme: A kert\u00e9szeti szakemberek gyakorlati k\u00e9szs\u00e9geinek fejleszt\u00e9se az eur\u00f3pai z\u00f6ld meg\u00e1llapod\u00e1s k\u00f6vetelm\u00e9nyeinek jobb kiel\u00e9g\u00edt\u00e9se \u00e9rdek\u00e9ben<\/li>\r\n<li>Megval\u00f3s\u00edt\u00e1si id\u0151szak: 2020.11.01 \u2013 2023.04.30<\/li>\r\n<li>EU-t\u00e1mogat\u00e1s: 185446 EUR<\/li>\r\n<li style=\"text-align: left;\">Hort4EuGreen <a href=\"https:\/\/ec.europa.eu\/programmes\/erasmus-plus\/projects\/eplus-project-details\/#project\/2020-1-RO01-KA203-080398\" target=\"_blank\" rel=\"noopener\">projektk\u00e1rtya<\/a><\/li>\r\n<\/ul>\r\n<\/div>\r\n<p>[\/vc_column_text][\/vc_column][vc_column width=&#8221;1\/3&#8243; css=&#8221;.vc_custom_1650440447730{padding-bottom: 20px !important;}&#8221;][vc_single_image image=&#8221;878&#8243; img_size=&#8221;medium&#8221; alignment=&#8221;center&#8221;][vc_single_image image=&#8221;879&#8243; img_size=&#8221;medium&#8221; alignment=&#8221;center&#8221;][\/vc_column][vc_column width=&#8221;1\/3&#8243; css=&#8221;.vc_custom_1650440461677{padding-bottom: 20px !important;}&#8221;][vc_column_text]<\/p>\r\n<div class=\"block_home_1\">&#8222;Az Eur\u00f3pai Bizotts\u00e1g t\u00e1mogat\u00e1sa a weboldal elk\u00e9sz\u00edt\u00e9s\u00e9hez nem jelenti a tartalom j\u00f3v\u00e1hagy\u00e1s\u00e1t, amely csak a szerz\u0151k n\u00e9zeteit t\u00fckr\u00f6zi, \u00e9s a Nemzeti Iroda \u00e9s Bizotts\u00e1g nem tehet\u0151 felel\u0151ss\u00e9 az ott tal\u00e1lhat\u00f3 inform\u00e1ci\u00f3k b\u00e1rmilyen felhaszn\u00e1l\u00e1s\u00e1\u00e9rt. \u201d.<\/div>\r\n<p>[\/vc_column_text][\/vc_column][\/vc_row][vc_row][vc_column][vc_text_separator title=&#8221;Our courses&#8221; i_icon_fontawesome=&#8221;fas fa-book-reader&#8221; i_color=&#8221;peacoc&#8221; i_size=&#8221;lg&#8221; add_icon=&#8221;true&#8221; css=&#8221;.vc_custom_1638953557041{margin-top: 15px !important;margin-bottom: 15px !important;}&#8221;][vc_column_text]<\/p>\n<div class=\"learnpress\"><div class=\"lp-archive-courses\">\r\n\t<div class=\"lp-content-area\">\r\n\t\t\r\n\t\t<ul class=\"learn-press-courses\" data-layout=\"grid\"><li class=\"course\"><div class=\"course-item\" data-id=\"1228\"><div class=\"course-thumbnail\"><a href=\"https:\/\/hortgreen.com\/hu\/cours\/practical-training-module-laboratory-methods-for-nutritional-quality-analysis\/\"><div class=\"course-img\"><img decoding=\"async\" src=\"https:\/\/hortgreen.com\/wp-content\/uploads\/2022\/05\/O1_cover-500x300.png\" alt=\"course thumbnail\"><\/div><\/a><\/div><div class=\"course-content\"><h3 class=\"wap-course-title\"><a class=\"course-permalink\" href=\"https:\/\/hortgreen.com\/hu\/cours\/practical-training-module-laboratory-methods-for-nutritional-quality-analysis\/\"><span class='course-title'>Nutritional quality of horticultural products handbook<\/span><\/a><\/h3><div class=\"course-instructor-category\"><div><label>by<\/label> <div class=\"course-instructor\"><a href=\"\"  > <span class=\"instructor-display-name\">Admin<\/span><\/a><\/div><\/div><div><label>in<\/label> <div class=\"course-categories\"><a href=\"https:\/\/hortgreen.com\/hu\/course-category\/handbook\/\" >Handbook<\/a><\/div><\/div><\/div><div class=\"course-wrap-meta\"><div class=\"meta-item meta-item-duration\"><span class=\"course-duration\">10 Weeks<\/span><\/div><div class=\"meta-item meta-item-level\"><span class=\"course-level\">Expert<\/span><\/div><div class=\"meta-item meta-item-lesson\"><div class=\"course-count-item lp_lesson\">5 Lessons<\/div><\/div><div class=\"meta-item meta-item-quiz\"><div class=\"course-count-item lp_quiz\">5 Quizzes<\/div><\/div><div class=\"meta-item meta-item-student\"><div class=\"course-count-student\">48 Students<\/div><\/div><\/div><p class=\"course-short-description\">Nutritional quality of horticultural products` handbook is a teaching and training material (TTM) intended for students use, particularly master students.<\/p><div class=\"course-info\"><span class=\"course-price\"><span class=\"course-item-price\"><span class=\"free\">Free<\/span><\/span><\/span><div class=\"course-readmore\"><a href=\"https:\/\/hortgreen.com\/hu\/cours\/practical-training-module-laboratory-methods-for-nutritional-quality-analysis\/\">Enroll Now<\/a><\/div><\/div><\/div><\/div><\/li><li class=\"course\"><div class=\"course-item\" data-id=\"579\"><div class=\"course-thumbnail\"><a href=\"https:\/\/hortgreen.com\/hu\/cours\/chemical-free-horticulture\/\"><div class=\"course-img\"><img decoding=\"async\" src=\"https:\/\/hortgreen.com\/wp-content\/uploads\/2021\/10\/O2v1-500x300.jpg\" alt=\"course thumbnail\"><\/div><\/a><\/div><div class=\"course-content\"><h3 class=\"wap-course-title\"><a class=\"course-permalink\" href=\"https:\/\/hortgreen.com\/hu\/cours\/chemical-free-horticulture\/\"><span class='course-title'>Chemical pesticide-free horticulture<\/span><\/a><\/h3><div class=\"course-instructor-category\"><div><label>by<\/label> <div class=\"course-instructor\"><a href=\"\"  > <span class=\"instructor-display-name\">Admin<\/span><\/a><\/div><\/div><div><label>in<\/label> <div class=\"course-categories\"><a href=\"https:\/\/hortgreen.com\/hu\/course-category\/handbook\/\" >Handbook<\/a><\/div><\/div><\/div><div class=\"course-wrap-meta\"><div class=\"meta-item meta-item-duration\"><span class=\"course-duration\">3 Hours<\/span><\/div><div class=\"meta-item meta-item-level\"><span class=\"course-level\">All levels<\/span><\/div><div class=\"meta-item meta-item-lesson\"><div class=\"course-count-item lp_lesson\">3 Lessons<\/div><\/div><div class=\"meta-item meta-item-quiz\"><div class=\"course-count-item lp_quiz\">2 Quizzes<\/div><\/div><div class=\"meta-item meta-item-student\"><div class=\"course-count-student\">32 Students<\/div><\/div><\/div><p class=\"course-short-description\">Enhancing practical skills of horticulture specialists to better address the demands of the European Green Deal IO1 Nutritional quality of<\/p><div class=\"course-info\"><span class=\"course-price\"><span class=\"course-item-price\"><span class=\"free\">Free<\/span><\/span><\/span><div class=\"course-readmore\"><a href=\"https:\/\/hortgreen.com\/hu\/cours\/chemical-free-horticulture\/\">Enroll Now<\/a><\/div><\/div><\/div><\/div><\/li><li class=\"course\"><div class=\"course-item\" data-id=\"1148\"><div class=\"course-thumbnail\"><a href=\"https:\/\/hortgreen.com\/hu\/cours\/sustainable-use-of-pesticides-and-their-residues-monitoring\/\"><div class=\"course-img\"><img decoding=\"async\" src=\"https:\/\/hortgreen.com\/wp-content\/uploads\/2022\/02\/O3v1-500x300.jpg\" alt=\"course thumbnail\"><\/div><\/a><\/div><div class=\"course-content\"><h3 class=\"wap-course-title\"><a class=\"course-permalink\" href=\"https:\/\/hortgreen.com\/hu\/cours\/sustainable-use-of-pesticides-and-their-residues-monitoring\/\"><span class='course-title'>Sustainable use of pesticides and their residues monitoring<\/span><\/a><\/h3><div class=\"course-instructor-category\"><div><label>by<\/label> <div class=\"course-instructor\"><a href=\"\"  > <span class=\"instructor-display-name\">Admin<\/span><\/a><\/div><\/div><div><label>in<\/label> <div class=\"course-categories\"><a href=\"https:\/\/hortgreen.com\/hu\/course-category\/handbook\/\" >Handbook<\/a><\/div><\/div><\/div><div class=\"course-wrap-meta\"><div class=\"meta-item meta-item-duration\"><span class=\"course-duration\">10 Weeks<\/span><\/div><div class=\"meta-item meta-item-level\"><span class=\"course-level\">All levels<\/span><\/div><div class=\"meta-item meta-item-lesson\"><div class=\"course-count-item lp_lesson\">6 Lessons<\/div><\/div><div class=\"meta-item meta-item-quiz\"><div class=\"course-count-item lp_quiz\">1 Quiz<\/div><\/div><div class=\"meta-item meta-item-student\"><div class=\"course-count-student\">34 Students<\/div><\/div><\/div><p class=\"course-short-description\">Enhancing practical skills of horticulture specialists to better address the demands of the European Green Deal IO1 Nutritional quality of<\/p><div class=\"course-info\"><span class=\"course-price\"><span class=\"course-item-price\"><span class=\"free\">Free<\/span><\/span><\/span><div class=\"course-readmore\"><a href=\"https:\/\/hortgreen.com\/hu\/cours\/sustainable-use-of-pesticides-and-their-residues-monitoring\/\">Enroll Now<\/a><\/div><\/div><\/div><\/div><\/li><li class=\"course\"><div class=\"course-item\" data-id=\"1151\"><div class=\"course-thumbnail\"><a href=\"https:\/\/hortgreen.com\/hu\/cours\/urban-horticulture\/\"><div class=\"course-img\"><img decoding=\"async\" src=\"https:\/\/hortgreen.com\/wp-content\/uploads\/2022\/02\/O4v1-500x300.jpg\" alt=\"course thumbnail\"><\/div><\/a><\/div><div class=\"course-content\"><h3 class=\"wap-course-title\"><a class=\"course-permalink\" href=\"https:\/\/hortgreen.com\/hu\/cours\/urban-horticulture\/\"><span class='course-title'>Urban horticulture<\/span><\/a><\/h3><div class=\"course-instructor-category\"><div><label>by<\/label> <div class=\"course-instructor\"><a href=\"\"  > <span class=\"instructor-display-name\">Admin<\/span><\/a><\/div><\/div><div><label>in<\/label> <div class=\"course-categories\"><a href=\"https:\/\/hortgreen.com\/hu\/course-category\/handbook\/\" >Handbook<\/a><\/div><\/div><\/div><div class=\"course-wrap-meta\"><div class=\"meta-item meta-item-duration\"><span class=\"course-duration\">10 Weeks<\/span><\/div><div class=\"meta-item meta-item-level\"><span class=\"course-level\">All levels<\/span><\/div><div class=\"meta-item meta-item-lesson\"><div class=\"course-count-item lp_lesson\">5 Lessons<\/div><\/div><div class=\"meta-item meta-item-quiz\"><div class=\"course-count-item lp_quiz\">0 Quizzes<\/div><\/div><div class=\"meta-item meta-item-student\"><div class=\"course-count-student\">20 Students<\/div><\/div><\/div><p class=\"course-short-description\">Urban horticulture `Urban horticulture` handbook is a teaching and training material (TTM) intended for students use, particularly master students. Due<\/p><div class=\"course-info\"><span class=\"course-price\"><span class=\"course-item-price\"><span class=\"free\">Free<\/span><\/span><\/span><div class=\"course-readmore\"><a href=\"https:\/\/hortgreen.com\/hu\/cours\/urban-horticulture\/\">Enroll Now<\/a><\/div><\/div><\/div><\/div><\/li><li class=\"course\"><div class=\"course-item\" data-id=\"1142\"><div class=\"course-thumbnail\"><a href=\"https:\/\/hortgreen.com\/hu\/cours\/https-hortgreen-com-cours-sustainable-use-of-pesticides-easing-the-way-for-a-chemical-free-horticulture-movie\/\"><div class=\"course-img\"><img decoding=\"async\" src=\"https:\/\/hortgreen.com\/wp-content\/uploads\/2022\/02\/O5v1-500x300.jpg\" alt=\"course thumbnail\"><\/div><\/a><\/div><div class=\"course-content\"><h3 class=\"wap-course-title\"><a class=\"course-permalink\" href=\"https:\/\/hortgreen.com\/hu\/cours\/https-hortgreen-com-cours-sustainable-use-of-pesticides-easing-the-way-for-a-chemical-free-horticulture-movie\/\"><span class='course-title'>Sustainable use of pesticides. Easing the way for a chemical free horticulture (movie)<\/span><\/a><\/h3><div class=\"course-instructor-category\"><div><label>by<\/label> <div class=\"course-instructor\"><a href=\"\"  > <span class=\"instructor-display-name\">Admin<\/span><\/a><\/div><\/div><div><label>in<\/label> <div class=\"course-categories\"><a href=\"https:\/\/hortgreen.com\/hu\/course-category\/movie\/\" >Movie<\/a><\/div><\/div><\/div><div class=\"course-wrap-meta\"><div class=\"meta-item meta-item-duration\"><span class=\"course-duration\">10 Weeks<\/span><\/div><div class=\"meta-item meta-item-level\"><span class=\"course-level\">Expert<\/span><\/div><div class=\"meta-item meta-item-lesson\"><div class=\"course-count-item lp_lesson\">1 Lesson<\/div><\/div><div class=\"meta-item meta-item-quiz\"><div class=\"course-count-item lp_quiz\">0 Quizzes<\/div><\/div><div class=\"meta-item meta-item-student\"><div class=\"course-count-student\">15 Students<\/div><\/div><\/div><p class=\"course-short-description\">The movie Sustainable Use of pesticides. Easing the way to chemical-free horticulture, of 12:07 minutes, it\u2019s an illustration of the<\/p><div class=\"course-info\"><span class=\"course-price\"><span class=\"course-item-price\"><span class=\"free\">Free<\/span><\/span><\/span><div class=\"course-readmore\"><a href=\"https:\/\/hortgreen.com\/hu\/cours\/https-hortgreen-com-cours-sustainable-use-of-pesticides-easing-the-way-for-a-chemical-free-horticulture-movie\/\">Enroll Now<\/a><\/div><\/div><\/div><\/div><\/li><\/ul>\t<\/div>\r\n<\/div>\r\n\r\n<\/div>\r\n<p><br \/>\u00a0[\/vc_column_text][\/vc_column][\/vc_row][vc_row][vc_column][vc_text_separator title=&#8221;Latest News&#8221;][bunch_latest_news cat=&#8221;latest-news&#8221; sort=&#8221;date&#8221; order=&#8221;DESC&#8221; style_two=&#8221;1&#8243; title=&#8221;Latest News&#8221; num=&#8221;6&#8243; text_limit=&#8221;20&#8243;][\/vc_column][\/vc_row]<\/p>","protected":false},"excerpt":{"rendered":"<p>[vc_row el_id=&#8221;banner&#8221;][vc_column][rev_slider_vc alias=&#8221;home&#8221;][\/vc_column][\/vc_row][vc_row gap=&#8221;15&#8243; container=&#8221;1&#8243; css=&#8221;.vc_custom_1650439938521{margin-top: 25px !important;}&#8221;][vc_column width=&#8221;1\/3&#8243; css=&#8221;.vc_custom_1650440435216{padding-bottom: 20px !important;}&#8221;][vc_column_text] Egy\u00fcttm\u0171k\u00f6d\u00e9s az innov\u00e1ci\u00f3 \u00e9s a j\u00f3 gyakorlatok cser\u00e9j\u00e9nek<\/p>\n","protected":false},"author":1,"featured_media":0,"parent":0,"menu_order":0,"comment_status":"closed","ping_status":"closed","template":"tpl-visual_composer.php","meta":{"footnotes":""},"class_list":["post-7","page","type-page","status-publish","hentry"],"_links":{"self":[{"href":"https:\/\/hortgreen.com\/hu\/wp-json\/wp\/v2\/pages\/7","targetHints":{"allow":["GET"]}}],"collection":[{"href":"https:\/\/hortgreen.com\/hu\/wp-json\/wp\/v2\/pages"}],"about":[{"href":"https:\/\/hortgreen.com\/hu\/wp-json\/wp\/v2\/types\/page"}],"author":[{"embeddable":true,"href":"https:\/\/hortgreen.com\/hu\/wp-json\/wp\/v2\/users\/1"}],"replies":[{"embeddable":true,"href":"https:\/\/hortgreen.com\/hu\/wp-json\/wp\/v2\/comments?post=7"}],"version-history":[{"count":32,"href":"https:\/\/hortgreen.com\/hu\/wp-json\/wp\/v2\/pages\/7\/revisions"}],"predecessor-version":[{"id":1866,"href":"https:\/\/hortgreen.com\/hu\/wp-json\/wp\/v2\/pages\/7\/revisions\/1866"}],"wp:attachment":[{"href":"https:\/\/hortgreen.com\/hu\/wp-json\/wp\/v2\/media?parent=7"}],"curies":[{"name":"wp","href":"https:\/\/api.w.org\/{rel}","templated":true}]}}