{"id":22,"date":"2017-01-13T19:52:19","date_gmt":"2017-01-13T19:52:19","guid":{"rendered":"https:\/\/themazine.com\/wp\/edutech\/?page_id=22"},"modified":"2023-12-13T12:18:29","modified_gmt":"2023-12-13T12:18:29","slug":"contact","status":"publish","type":"page","link":"https:\/\/hortgreen.com\/hu\/contact\/","title":{"rendered":"KAPCSOLAT"},"content":{"rendered":"<p>[vc_row][vc_column][bunch_contact_form title=&#8221;Send A Message&#8221; contact_form=&#8221;JTVCY29udGFjdC1mb3JtLTclMjBpZCUzRCUyMjE3MCUyMiUyMHRpdGxlJTNEJTIyQ29udGFjdCUyMEZvcm0lMjIlNUQ=&#8221; title1=&#8221;KAPCSOLATFELV\u00c9TEL&#8221; text=&#8221;\u00dcdv\u00f6z\u00f6lj\u00fck weboldalunkon! Nyugodtan l\u00e9pjen kapcsolatba vel\u00fcnk b\u00e1rmikor.&#8221; email=&#8221;info@hortgreen.com&#8221; phone=&#8221;+40 (21) 318 25 64&#8243; address=&#8221;Bd. M\u0103r\u0103\u0219ti 59, Bucharest, Romania&#8221;][\/vc_column][\/vc_row][vc_row][vc_column][\/vc_column][\/vc_row]<\/p>\n","protected":false},"excerpt":{"rendered":"<p>[vc_row][vc_column][bunch_contact_form title=&#8221;Send A Message&#8221; contact_form=&#8221;JTVCY29udGFjdC1mb3JtLTclMjBpZCUzRCUyMjE3MCUyMiUyMHRpdGxlJTNEJTIyQ29udGFjdCUyMEZvcm0lMjIlNUQ=&#8221; title1=&#8221;KAPCSOLATFELV\u00c9TEL&#8221; text=&#8221;\u00dcdv\u00f6z\u00f6lj\u00fck weboldalunkon! Nyugodtan l\u00e9pjen kapcsolatba vel\u00fcnk b\u00e1rmikor.&#8221; email=&#8221;info@hortgreen.com&#8221; phone=&#8221;+40 (21) 318 25 64&#8243; address=&#8221;Bd.<\/p>\n","protected":false},"author":1,"featured_media":0,"parent":0,"menu_order":0,"comment_status":"closed","ping_status":"closed","template":"tpl-visual_composer.php","meta":{"footnotes":""},"class_list":["post-22","page","type-page","status-publish","hentry"],"_links":{"self":[{"href":"https:\/\/hortgreen.com\/hu\/wp-json\/wp\/v2\/pages\/22","targetHints":{"allow":["GET"]}}],"collection":[{"href":"https:\/\/hortgreen.com\/hu\/wp-json\/wp\/v2\/pages"}],"about":[{"href":"https:\/\/hortgreen.com\/hu\/wp-json\/wp\/v2\/types\/page"}],"author":[{"embeddable":true,"href":"https:\/\/hortgreen.com\/hu\/wp-json\/wp\/v2\/users\/1"}],"replies":[{"embeddable":true,"href":"https:\/\/hortgreen.com\/hu\/wp-json\/wp\/v2\/comments?post=22"}],"version-history":[{"count":14,"href":"https:\/\/hortgreen.com\/hu\/wp-json\/wp\/v2\/pages\/22\/revisions"}],"predecessor-version":[{"id":1477,"href":"https:\/\/hortgreen.com\/hu\/wp-json\/wp\/v2\/pages\/22\/revisions\/1477"}],"wp:attachment":[{"href":"https:\/\/hortgreen.com\/hu\/wp-json\/wp\/v2\/media?parent=22"}],"curies":[{"name":"wp","href":"https:\/\/api.w.org\/{rel}","templated":true}]}}